{"id":3990,"date":"2018-06-17T05:48:30","date_gmt":"2018-06-17T07:48:30","guid":{"rendered":"http:\/\/www.marykas.lt\/girsas\/?post_type=product&#038;p=3990"},"modified":"2018-11-24T17:39:23","modified_gmt":"2018-11-24T19:39:23","slug":"duso-sifonas-su-ilietomis-tarpinemis-tb21ex","status":"publish","type":"product","link":"http:\/\/www.marykas.lt\/girsas\/produktas\/nicoll-buitine-santechnika\/voniu-kriaukliu-dalys\/duso-kabinos\/duso-sifonas-su-ilietomis-tarpinemis-tb21ex\/","title":{"rendered":"Du\u0161o sifonas su \u012flietomis tarpin\u0117mis TB21EX"},"content":{"rendered":"<p>Du\u0161o sifonas su \u012flietomis tarpin\u0117mis. \u017demas. Auk\u0161tis 80 centimetr\u0173. Lengvai i\u0161valomas. I\u0161imami sieteliai gaudyti plaukams ir ne\u0161varumams. Ypa\u010d sandarus. Didelio pralaidumo: 43l\/min. Diametras 90mm. Vandens u\u017eraktas 30mm (apsauga nuo kvap\u0173).<\/p>\n","protected":false},"excerpt":{"rendered":"<p>Du\u0161o sifonas su \u012flietomis tarpin\u0117mis. \u017demas. Auk\u0161tis 80 centimetr\u0173. Lengvai i\u0161valomas. I\u0161imami sieteliai gaudyti plaukams ir ne\u0161varumams. Ypa\u010d sandarus. Didelio pralaidumo: 43l\/min. Diametras 90mm. Vandens u\u017eraktas 30mm (apsauga nuo kvap\u0173).<\/p>\n","protected":false},"featured_media":3991,"comment_status":"open","ping_status":"closed","template":"","meta":[],"_links":{"self":[{"href":"http:\/\/www.marykas.lt\/girsas\/wp-json\/wp\/v2\/product\/3990"}],"collection":[{"href":"http:\/\/www.marykas.lt\/girsas\/wp-json\/wp\/v2\/product"}],"about":[{"href":"http:\/\/www.marykas.lt\/girsas\/wp-json\/wp\/v2\/types\/product"}],"replies":[{"embeddable":true,"href":"http:\/\/www.marykas.lt\/girsas\/wp-json\/wp\/v2\/comments?post=3990"}],"wp:featuredmedia":[{"embeddable":true,"href":"http:\/\/www.marykas.lt\/girsas\/wp-json\/wp\/v2\/media\/3991"}],"wp:attachment":[{"href":"http:\/\/www.marykas.lt\/girsas\/wp-json\/wp\/v2\/media?parent=3990"}],"curies":[{"name":"wp","href":"https:\/\/api.w.org\/{rel}","templated":true}]}}