{"id":3984,"date":"2018-06-17T05:37:24","date_gmt":"2018-06-17T07:37:24","guid":{"rendered":"http:\/\/www.marykas.lt\/girsas\/?post_type=product&#038;p=3984"},"modified":"2018-11-24T17:39:41","modified_gmt":"2018-11-24T19:39:41","slug":"praustuvo-sifonas-bm19","status":"publish","type":"product","link":"http:\/\/www.marykas.lt\/girsas\/produktas\/nicoll-buitine-santechnika\/voniu-kriaukliu-dalys\/praustuves-bides\/praustuvo-sifonas-bm19\/","title":{"rendered":"Praustuvo sifonas BM19"},"content":{"rendered":"<p>Praustuvo sifonas su \u012flietomis tarpin\u0117mis ir skalbimo ma\u0161inos pajungimu. I\u0161\u0117jimo diametras 32<\/p>\n","protected":false},"excerpt":{"rendered":"<p>Praustuvo sifonas su \u012flietomis tarpin\u0117mis ir skalbimo ma\u0161inos pajungimu. I\u0161\u0117jimo diametras 32<\/p>\n","protected":false},"featured_media":3985,"comment_status":"open","ping_status":"closed","template":"","meta":[],"_links":{"self":[{"href":"http:\/\/www.marykas.lt\/girsas\/wp-json\/wp\/v2\/product\/3984"}],"collection":[{"href":"http:\/\/www.marykas.lt\/girsas\/wp-json\/wp\/v2\/product"}],"about":[{"href":"http:\/\/www.marykas.lt\/girsas\/wp-json\/wp\/v2\/types\/product"}],"replies":[{"embeddable":true,"href":"http:\/\/www.marykas.lt\/girsas\/wp-json\/wp\/v2\/comments?post=3984"}],"wp:featuredmedia":[{"embeddable":true,"href":"http:\/\/www.marykas.lt\/girsas\/wp-json\/wp\/v2\/media\/3985"}],"wp:attachment":[{"href":"http:\/\/www.marykas.lt\/girsas\/wp-json\/wp\/v2\/media?parent=3984"}],"curies":[{"name":"wp","href":"https:\/\/api.w.org\/{rel}","templated":true}]}}