{"id":3978,"date":"2018-06-17T05:31:09","date_gmt":"2018-06-17T07:31:09","guid":{"rendered":"http:\/\/www.marykas.lt\/girsas\/?post_type=product&#038;p=3978"},"modified":"2018-11-24T17:40:19","modified_gmt":"2018-11-24T19:40:19","slug":"praustuvo-sifonas-bmt2p","status":"publish","type":"product","link":"http:\/\/www.marykas.lt\/girsas\/produktas\/nicoll-buitine-santechnika\/voniu-kriaukliu-dalys\/praustuves-bides\/praustuvo-sifonas-bmt2p\/","title":{"rendered":"Praustuvo sifonas BMT2P"},"content":{"rendered":"<p>Praustuvo sifonas su \u012flietomis tarpin\u0117mis ir atitraukimu. I\u0161\u0117jimo diametras 32.<\/p>\n","protected":false},"excerpt":{"rendered":"<p>Praustuvo sifonas su \u012flietomis tarpin\u0117mis ir atitraukimu. I\u0161\u0117jimo diametras 32.<\/p>\n","protected":false},"featured_media":3979,"comment_status":"open","ping_status":"closed","template":"","meta":[],"_links":{"self":[{"href":"http:\/\/www.marykas.lt\/girsas\/wp-json\/wp\/v2\/product\/3978"}],"collection":[{"href":"http:\/\/www.marykas.lt\/girsas\/wp-json\/wp\/v2\/product"}],"about":[{"href":"http:\/\/www.marykas.lt\/girsas\/wp-json\/wp\/v2\/types\/product"}],"replies":[{"embeddable":true,"href":"http:\/\/www.marykas.lt\/girsas\/wp-json\/wp\/v2\/comments?post=3978"}],"wp:featuredmedia":[{"embeddable":true,"href":"http:\/\/www.marykas.lt\/girsas\/wp-json\/wp\/v2\/media\/3979"}],"wp:attachment":[{"href":"http:\/\/www.marykas.lt\/girsas\/wp-json\/wp\/v2\/media?parent=3978"}],"curies":[{"name":"wp","href":"https:\/\/api.w.org\/{rel}","templated":true}]}}