{"id":3975,"date":"2018-06-17T05:29:23","date_gmt":"2018-06-17T07:29:23","guid":{"rendered":"http:\/\/www.marykas.lt\/girsas\/?post_type=product&#038;p=3975"},"modified":"2018-11-24T17:40:44","modified_gmt":"2018-11-24T19:40:44","slug":"praustuvo-sifonas-c2951","status":"publish","type":"product","link":"http:\/\/www.marykas.lt\/girsas\/produktas\/nicoll-buitine-santechnika\/voniu-kriaukliu-dalys\/praustuves-bides\/praustuvo-sifonas-c2951\/","title":{"rendered":"Praustuvo sifonas C2951"},"content":{"rendered":"<p>Praustuvo sifonas su \u012flietomis tarpin\u0117mis vamzdeliu ir kam\u0161\u010diu. I\u0161\u0117jimo diametras 32.<\/p>\n","protected":false},"excerpt":{"rendered":"<p>Praustuvo sifonas su \u012flietomis tarpin\u0117mis vamzdeliu ir kam\u0161\u010diu. I\u0161\u0117jimo diametras 32.<\/p>\n","protected":false},"featured_media":3976,"comment_status":"open","ping_status":"closed","template":"","meta":[],"_links":{"self":[{"href":"http:\/\/www.marykas.lt\/girsas\/wp-json\/wp\/v2\/product\/3975"}],"collection":[{"href":"http:\/\/www.marykas.lt\/girsas\/wp-json\/wp\/v2\/product"}],"about":[{"href":"http:\/\/www.marykas.lt\/girsas\/wp-json\/wp\/v2\/types\/product"}],"replies":[{"embeddable":true,"href":"http:\/\/www.marykas.lt\/girsas\/wp-json\/wp\/v2\/comments?post=3975"}],"wp:featuredmedia":[{"embeddable":true,"href":"http:\/\/www.marykas.lt\/girsas\/wp-json\/wp\/v2\/media\/3976"}],"wp:attachment":[{"href":"http:\/\/www.marykas.lt\/girsas\/wp-json\/wp\/v2\/media?parent=3975"}],"curies":[{"name":"wp","href":"https:\/\/api.w.org\/{rel}","templated":true}]}}