{"id":3922,"date":"2018-06-12T08:18:01","date_gmt":"2018-06-12T10:18:01","guid":{"rendered":"http:\/\/www.marykas.lt\/girsas\/?post_type=product&#038;p=3922"},"modified":"2018-11-24T17:41:18","modified_gmt":"2018-11-24T19:41:18","slug":"wc-mygtukai","status":"publish","type":"product","link":"http:\/\/www.marykas.lt\/girsas\/produktas\/nicoll-buitine-santechnika\/tualetu-irangos-dalys\/wc-mygtukai\/","title":{"rendered":"WC mygtukai"},"content":{"rendered":"<p style=\"font-weight: 400;\">WC r\u0117mo mygtukai:<\/p>\n<p style=\"font-weight: 400;\">1.baltas mygtukas 380<\/p>\n<p style=\"font-weight: 400;\">2.chromuotas matinis mygtukas 381<\/p>\n<p style=\"font-weight: 400;\">3.chromuotas blizgus mygtukas 386<\/p>\n<p style=\"font-weight: 400;\">4.baltas mygtukas apvalios formos 389<\/p>\n<p style=\"font-weight: 400;\">5.chromuotas matinis mygtukas 395<\/p>\n<p style=\"font-weight: 400;\">6.chromuotas blizgus mygtukas 396<\/p>\n<p style=\"font-weight: 400;\">7.chromuotas mi\u0161rus mygtukas (plok\u0161t\u0117 chromuota blizgi didysis mygtukas chromuotas matinis ma\u017eas mygtukas chromuotas blizgus) 398<\/p>\n","protected":false},"excerpt":{"rendered":"<p>WC r\u0117mo mygtukai<\/p>\n","protected":false},"featured_media":3932,"comment_status":"open","ping_status":"closed","template":"","meta":[],"_links":{"self":[{"href":"http:\/\/www.marykas.lt\/girsas\/wp-json\/wp\/v2\/product\/3922"}],"collection":[{"href":"http:\/\/www.marykas.lt\/girsas\/wp-json\/wp\/v2\/product"}],"about":[{"href":"http:\/\/www.marykas.lt\/girsas\/wp-json\/wp\/v2\/types\/product"}],"replies":[{"embeddable":true,"href":"http:\/\/www.marykas.lt\/girsas\/wp-json\/wp\/v2\/comments?post=3922"}],"wp:featuredmedia":[{"embeddable":true,"href":"http:\/\/www.marykas.lt\/girsas\/wp-json\/wp\/v2\/media\/3932"}],"wp:attachment":[{"href":"http:\/\/www.marykas.lt\/girsas\/wp-json\/wp\/v2\/media?parent=3922"}],"curies":[{"name":"wp","href":"https:\/\/api.w.org\/{rel}","templated":true}]}}