{"id":3919,"date":"2018-06-12T08:05:04","date_gmt":"2018-06-12T10:05:04","guid":{"rendered":"http:\/\/www.marykas.lt\/girsas\/?post_type=product&#038;p=3919"},"modified":"2018-11-24T17:41:46","modified_gmt":"2018-11-24T19:41:46","slug":"wc-potinkinis-tualeto-remas-w752k","status":"publish","type":"product","link":"http:\/\/www.marykas.lt\/girsas\/produktas\/nicoll-buitine-santechnika\/tualetu-irangos-dalys\/wc-potinkinis-tualeto-remas-w752k\/","title":{"rendered":"WC potinkinis tualeto r\u0117mas W752K"},"content":{"rendered":"<p><span lang=\"EN-US\">Universalus r\u0117mas, pagamintas i\u0161 sta\u010diakampi\u0173 plienini\u0173 vamzd\u017ei\u0173, tvirtinamas prie grind\u0173 ir prie sienos.\u00a0<\/span><span lang=\"EN-US\">Siauras r\u0117mas 40cm plo\u010dio, lengviau pritaikyti, kai tr\u016bksta vietos.<\/span><span lang=\"EN-US\">Plastikinis vandens rezervuaras padengtas put\u0173 polistirenu d\u0117l triuk\u0161mo izoliacijos.<\/span>\u00a0<span lang=\"EN-US\">Universalus prileidimo mechanizmas SIL ypatingai betriuk\u0161mis (triuk\u0161mo lygis dvigubai ma\u017eesnis negu reikalauja Europin\u0117s normos), ( tinka bet kuro tipo WC bakeliams ).<\/span>\u00a0<span lang=\"EN-US\">Universalus i\u0161leidimo mechanizmas taupantis vanden\u012f, vandens lygio reguliavimas nuo 3litr\u0173 iki 9litr\u0173, dviej\u0173 paspaudim\u0173, valdymas\u00a0 troseliu tod\u0117l galima montuoti valdymo mygtuk\u0105 tiek i\u0161 \u0161ono tiek i\u0161 vir\u0161aus, ( tinka bet kuro tipo WC bakeliams ).<\/span>\u00a0<span lang=\"EN-US\">Monta\u017eui palengvinti komplekte yra polistirenin\u0117s akl\u0117s ir \u0161ablonai.<\/span><span lang=\"EN-US\">\u00a0Potinkinis WC R\u0117mas tiekiamas pilnos komplektacijos su visomis movomis, alk\u016bn\u0117mis, var\u017etais, ver\u017el\u0117mis ir apdailos priemon\u0117mis.<\/span><\/p>\n","protected":false},"excerpt":{"rendered":"<p><span lang=\"EN-US\">Universalus r\u0117mas, pagamintas i\u0161 sta\u010diakampi\u0173 plienini\u0173 vamzd\u017ei\u0173, tvirtinamas prie grind\u0173 ir prie sienos.\u00a0<\/span><span lang=\"EN-US\">Siauras r\u0117mas 40cm plo\u010dio, lengviau pritaikyti, kai tr\u016bksta vietos.<\/span><span lang=\"EN-US\">Plastikinis vandens rezervuaras padengtas put\u0173 polistirenu d\u0117l triuk\u0161mo izoliacijos.<\/span>\u00a0<span lang=\"EN-US\">Universalus prileidimo mechanizmas SIL ypatingai betriuk\u0161mis (triuk\u0161mo lygis dvigubai ma\u017eesnis negu reikalauja Europin\u0117s normos), ( tinka bet kuro tipo WC bakeliams ).<\/span>\u00a0<span lang=\"EN-US\">Universalus i\u0161leidimo mechanizmas taupantis vanden\u012f, vandens lygio reguliavimas nuo 3litr\u0173 iki 9litr\u0173, dviej\u0173 paspaudim\u0173, valdymas\u00a0 troseliu tod\u0117l galima montuoti valdymo mygtuk\u0105 tiek i\u0161 \u0161ono tiek i\u0161 vir\u0161aus, ( tinka bet kuro tipo WC bakeliams ).<\/span>\u00a0<span lang=\"EN-US\">Monta\u017eui palengvinti komplekte yra polistirenin\u0117s akl\u0117s ir \u0161ablonai.<\/span><span lang=\"EN-US\">\u00a0Potinkinis WC R\u0117mas tiekiamas pilnos komplektacijos su visomis movomis, alk\u016bn\u0117mis, var\u017etais, ver\u017el\u0117mis ir apdailos priemon\u0117mis.<\/span><\/p>\n","protected":false},"featured_media":3920,"comment_status":"open","ping_status":"closed","template":"","meta":[],"_links":{"self":[{"href":"http:\/\/www.marykas.lt\/girsas\/wp-json\/wp\/v2\/product\/3919"}],"collection":[{"href":"http:\/\/www.marykas.lt\/girsas\/wp-json\/wp\/v2\/product"}],"about":[{"href":"http:\/\/www.marykas.lt\/girsas\/wp-json\/wp\/v2\/types\/product"}],"replies":[{"embeddable":true,"href":"http:\/\/www.marykas.lt\/girsas\/wp-json\/wp\/v2\/comments?post=3919"}],"wp:featuredmedia":[{"embeddable":true,"href":"http:\/\/www.marykas.lt\/girsas\/wp-json\/wp\/v2\/media\/3920"}],"wp:attachment":[{"href":"http:\/\/www.marykas.lt\/girsas\/wp-json\/wp\/v2\/media?parent=3919"}],"curies":[{"name":"wp","href":"https:\/\/api.w.org\/{rel}","templated":true}]}}