{"id":3916,"date":"2018-06-12T08:03:29","date_gmt":"2018-06-12T10:03:29","guid":{"rendered":"http:\/\/www.marykas.lt\/girsas\/?post_type=product&#038;p=3916"},"modified":"2018-11-24T17:42:02","modified_gmt":"2018-11-24T19:42:02","slug":"nuleidimo-mechanizmas-3v10s","status":"publish","type":"product","link":"http:\/\/www.marykas.lt\/girsas\/produktas\/nicoll-buitine-santechnika\/tualetu-irangos-dalys\/nuleidimo-mechanizmas-3v10s\/","title":{"rendered":"Nuleidimo mechanizmas 3V10S"},"content":{"rendered":"<div>Dviej\u0173 paspaudim\u0173\u00a0WC vandens nuleidimo mechanizmas.<\/div>\n<div>Universalus, tinka visiems WC bakeliams (dang\u010dio skyl\u0117s nuo 16mm iki 50mm)\u00a0ir firmos SAS potinkiniams r\u0117mams.<\/div>\n<div>Vandens nuleidimo reguliavimas nuo 3 iki 9 litr\u0173, valdomas per trosel\u012f, lengvai nuimamas jei reikia pakeisti tarpin\u0119 (bajonetinis pajungimas).<\/div>\n<div>Nauja technologija.<\/div>\n<div>Visi\u0161kai betriuk\u0161mis nuleidimo u\u017edarymas.<\/div>\n<div><\/div>\n<div><a href=\"http:\/\/www.marykas.lt\/girsas\/wp-content\/uploads\/2018\/06\/9866099_notice_3V_cable.pdf\">Montavimo instrukcija<\/a><\/div>\n","protected":false},"excerpt":{"rendered":"<div>Dviej\u0173 paspaudim\u0173\u00a0WC vandens nuleidimo mechanizmas.<\/div>\n<div>Universalus, tinka visiems WC bakeliams (dang\u010dio skyl\u0117s nuo 16mm iki 50mm)\u00a0ir firmos SAS potinkiniams r\u0117mams.<\/div>\n<div>Vandens nuleidimo reguliavimas nuo 3 iki 9 litr\u0173, valdomas per trosel\u012f, lengvai nuimamas jei reikia pakeisti tarpin\u0119 (bajonetinis pajungimas).<\/div>\n<div>Nauja technologija.<\/div>\n<div>Visi\u0161kai betriuk\u0161mis nuleidimo u\u017edarymas.<\/div>\n","protected":false},"featured_media":3917,"comment_status":"open","ping_status":"closed","template":"","meta":[],"_links":{"self":[{"href":"http:\/\/www.marykas.lt\/girsas\/wp-json\/wp\/v2\/product\/3916"}],"collection":[{"href":"http:\/\/www.marykas.lt\/girsas\/wp-json\/wp\/v2\/product"}],"about":[{"href":"http:\/\/www.marykas.lt\/girsas\/wp-json\/wp\/v2\/types\/product"}],"replies":[{"embeddable":true,"href":"http:\/\/www.marykas.lt\/girsas\/wp-json\/wp\/v2\/comments?post=3916"}],"wp:featuredmedia":[{"embeddable":true,"href":"http:\/\/www.marykas.lt\/girsas\/wp-json\/wp\/v2\/media\/3917"}],"wp:attachment":[{"href":"http:\/\/www.marykas.lt\/girsas\/wp-json\/wp\/v2\/media?parent=3916"}],"curies":[{"name":"wp","href":"https:\/\/api.w.org\/{rel}","templated":true}]}}