{"id":3896,"date":"2018-06-12T07:33:20","date_gmt":"2018-06-12T09:33:20","guid":{"rendered":"http:\/\/www.marykas.lt\/girsas\/?post_type=product&#038;p=3896"},"modified":"2018-11-24T17:43:39","modified_gmt":"2018-11-24T19:43:39","slug":"wc-alkune-90x110-su-pajung-skalb-pbb31","status":"publish","type":"product","link":"http:\/\/www.marykas.lt\/girsas\/produktas\/nicoll-buitine-santechnika\/tualetu-irangos-dalys\/wc-alkune-90x110-su-pajung-skalb-pbb31\/","title":{"rendered":"WC alk\u016bn\u0117 90&#215;110 su pajung. skalb. PBB31"},"content":{"rendered":"<p>WC alk\u016bn\u0117 90* su pajungimu 40*<\/p>\n","protected":false},"excerpt":{"rendered":"<p>WC alk\u016bn\u0117 90* su pajungimu 40*<\/p>\n","protected":false},"featured_media":3897,"comment_status":"open","ping_status":"closed","template":"","meta":[],"_links":{"self":[{"href":"http:\/\/www.marykas.lt\/girsas\/wp-json\/wp\/v2\/product\/3896"}],"collection":[{"href":"http:\/\/www.marykas.lt\/girsas\/wp-json\/wp\/v2\/product"}],"about":[{"href":"http:\/\/www.marykas.lt\/girsas\/wp-json\/wp\/v2\/types\/product"}],"replies":[{"embeddable":true,"href":"http:\/\/www.marykas.lt\/girsas\/wp-json\/wp\/v2\/comments?post=3896"}],"wp:featuredmedia":[{"embeddable":true,"href":"http:\/\/www.marykas.lt\/girsas\/wp-json\/wp\/v2\/media\/3897"}],"wp:attachment":[{"href":"http:\/\/www.marykas.lt\/girsas\/wp-json\/wp\/v2\/media?parent=3896"}],"curies":[{"name":"wp","href":"https:\/\/api.w.org\/{rel}","templated":true}]}}