{"id":3886,"date":"2018-06-12T07:29:26","date_gmt":"2018-06-12T09:29:26","guid":{"rendered":"http:\/\/www.marykas.lt\/girsas\/?post_type=product&#038;p=3886"},"modified":"2018-11-24T17:44:38","modified_gmt":"2018-11-24T19:44:38","slug":"dvigubo-nuleidimo-mechanizmas-2v01s","status":"publish","type":"product","link":"http:\/\/www.marykas.lt\/girsas\/produktas\/nicoll-buitine-santechnika\/tualetu-irangos-dalys\/dvigubo-nuleidimo-mechanizmas-2v01s\/","title":{"rendered":"Dvigubo nuleidimo mechanizmas 2V01S"},"content":{"rendered":"<div>Dviej\u0173 paspaudim\u0173\u00a0WC vandens nuleidimo mechanizmas<\/div>\n<div>universalus tinka visiems WC bakeliams (dang\u010dio skyl\u0117s nuo 16mm iki 50mm)\u00a0ir firmos SAS potinkiniams r\u0117mams.<\/div>\n<div>Vandens nuleidimo reguliavimas nuo 3 iki 9 litr\u0173, valdomas per trosel\u012f, lengvai nuimamas jei reikia pakeisti tarpin\u0119 (bajonetinis pajungimas)<\/div>\n<div><\/div>\n<div><a href=\"http:\/\/www.marykas.lt\/girsas\/wp-content\/uploads\/2018\/06\/doc-2V-lietuviskai-1.pdf\">Apra\u0161ymas<\/a><\/div>\n<div><\/div>\n<div><a href=\"http:\/\/www.marykas.lt\/girsas\/wp-content\/uploads\/2018\/06\/2v01-montavimo-instrukcija.pdf\">Montavimo instrukcija<\/a><\/div>\n","protected":false},"excerpt":{"rendered":"<div>Dviej\u0173 paspaudim\u0173\u00a0WC vandens nuleidimo mechanizmas<\/div>\n<div>universalus tinka visiems WC bakeliams (dang\u010dio skyl\u0117s nuo 16mm iki 50mm)\u00a0ir firmos SAS potinkiniams r\u0117mams.<\/div>\n<div>Vandens nuleidimo reguliavimas nuo 3 iki 9 litr\u0173, valdomas per trosel\u012f, lengvai nuimamas jei reikia pakeisti tarpin\u0119 (bajonetinis pajungimas)<\/div>\n","protected":false},"featured_media":3887,"comment_status":"open","ping_status":"closed","template":"","meta":[],"_links":{"self":[{"href":"http:\/\/www.marykas.lt\/girsas\/wp-json\/wp\/v2\/product\/3886"}],"collection":[{"href":"http:\/\/www.marykas.lt\/girsas\/wp-json\/wp\/v2\/product"}],"about":[{"href":"http:\/\/www.marykas.lt\/girsas\/wp-json\/wp\/v2\/types\/product"}],"replies":[{"embeddable":true,"href":"http:\/\/www.marykas.lt\/girsas\/wp-json\/wp\/v2\/comments?post=3886"}],"wp:featuredmedia":[{"embeddable":true,"href":"http:\/\/www.marykas.lt\/girsas\/wp-json\/wp\/v2\/media\/3887"}],"wp:attachment":[{"href":"http:\/\/www.marykas.lt\/girsas\/wp-json\/wp\/v2\/media?parent=3886"}],"curies":[{"name":"wp","href":"https:\/\/api.w.org\/{rel}","templated":true}]}}