{"id":3881,"date":"2018-06-12T07:24:53","date_gmt":"2018-06-12T09:24:53","guid":{"rendered":"http:\/\/www.marykas.lt\/girsas\/?post_type=product&#038;p=3881"},"modified":"2018-11-24T17:45:09","modified_gmt":"2018-11-24T19:45:09","slug":"prileidimo-mechanizmas-1585","status":"publish","type":"product","link":"http:\/\/www.marykas.lt\/girsas\/produktas\/nicoll-buitine-santechnika\/tualetu-irangos-dalys\/prileidimo-mechanizmas-1585\/","title":{"rendered":"Prileidimo mechanizmas 1585"},"content":{"rendered":"<p>Kompakti\u0161kas. Darbinis sl\u0117gis nuo 0,5 iki16 bar\u0173.Vandens prileidimas su \u017ealvariniu \u0161oniniu pajungimu 3\/8&#8243;.U\u017esidaro be hidraulinio sm\u016bgio ir pilnai sustabdo vanden\u012f.Savaime i\u0161sivalantis.<\/p>\n","protected":false},"excerpt":{"rendered":"<p>Kompakti\u0161kas. Darbinis sl\u0117gis nuo 0,5 iki16 bar\u0173.Vandens prileidimas su \u017ealvariniu \u0161oniniu pajungimu 3\/8&#8243;.U\u017esidaro be hidraulinio sm\u016bgio ir pilnai sustabdo vanden\u012f.Savaime i\u0161sivalantis.<\/p>\n","protected":false},"featured_media":3882,"comment_status":"open","ping_status":"closed","template":"","meta":[],"_links":{"self":[{"href":"http:\/\/www.marykas.lt\/girsas\/wp-json\/wp\/v2\/product\/3881"}],"collection":[{"href":"http:\/\/www.marykas.lt\/girsas\/wp-json\/wp\/v2\/product"}],"about":[{"href":"http:\/\/www.marykas.lt\/girsas\/wp-json\/wp\/v2\/types\/product"}],"replies":[{"embeddable":true,"href":"http:\/\/www.marykas.lt\/girsas\/wp-json\/wp\/v2\/comments?post=3881"}],"wp:featuredmedia":[{"embeddable":true,"href":"http:\/\/www.marykas.lt\/girsas\/wp-json\/wp\/v2\/media\/3882"}],"wp:attachment":[{"href":"http:\/\/www.marykas.lt\/girsas\/wp-json\/wp\/v2\/media?parent=3881"}],"curies":[{"name":"wp","href":"https:\/\/api.w.org\/{rel}","templated":true}]}}