{"id":3878,"date":"2018-06-12T07:23:24","date_gmt":"2018-06-12T09:23:24","guid":{"rendered":"http:\/\/www.marykas.lt\/girsas\/?post_type=product&#038;p=3878"},"modified":"2018-11-24T17:46:32","modified_gmt":"2018-11-24T19:46:32","slug":"grindu-trapas-cs80s","status":"publish","type":"product","link":"http:\/\/www.marykas.lt\/girsas\/produktas\/nicoll-buitine-santechnika\/trapai\/grindu-trapas-cs80s\/","title":{"rendered":"Grind\u0173 trapas CS80S"},"content":{"rendered":"<p>Ilgas grind\u0173 trapas du\u0161ui su plytel\u0117mis.\u00a0Nuimamos 2mm storio nerudijan\u010dio plieno grotel\u0117s. 40\/50 mm i\u0161\u0117jimas. Itin didelis pralaidumas, 45 l\/min. Kompakti\u0161kas, auk\u0161tis 80mm.<\/p>\n","protected":false},"excerpt":{"rendered":"<p>Ilgas grind\u0173 trapas du\u0161ui su plytel\u0117mis.\u00a0Nuimamos 2mm storio nerudijan\u010dio plieno grotel\u0117s. 40\/50 mm i\u0161\u0117jimas. Itin didelis pralaidumas, 45 l\/min. Kompakti\u0161kas, auk\u0161tis 80mm.<\/p>\n","protected":false},"featured_media":3879,"comment_status":"open","ping_status":"closed","template":"","meta":[],"_links":{"self":[{"href":"http:\/\/www.marykas.lt\/girsas\/wp-json\/wp\/v2\/product\/3878"}],"collection":[{"href":"http:\/\/www.marykas.lt\/girsas\/wp-json\/wp\/v2\/product"}],"about":[{"href":"http:\/\/www.marykas.lt\/girsas\/wp-json\/wp\/v2\/types\/product"}],"replies":[{"embeddable":true,"href":"http:\/\/www.marykas.lt\/girsas\/wp-json\/wp\/v2\/comments?post=3878"}],"wp:featuredmedia":[{"embeddable":true,"href":"http:\/\/www.marykas.lt\/girsas\/wp-json\/wp\/v2\/media\/3879"}],"wp:attachment":[{"href":"http:\/\/www.marykas.lt\/girsas\/wp-json\/wp\/v2\/media?parent=3878"}],"curies":[{"name":"wp","href":"https:\/\/api.w.org\/{rel}","templated":true}]}}