{"id":3873,"date":"2018-06-12T07:20:27","date_gmt":"2018-06-12T09:20:27","guid":{"rendered":"http:\/\/www.marykas.lt\/girsas\/?post_type=product&#038;p=3873"},"modified":"2018-11-24T17:47:55","modified_gmt":"2018-11-24T19:47:55","slug":"grindu-trapas-ss192","status":"publish","type":"product","link":"http:\/\/www.marykas.lt\/girsas\/produktas\/nicoll-buitine-santechnika\/trapai\/grindu-trapas-ss192\/","title":{"rendered":"Grind\u0173 trapas SS192"},"content":{"rendered":"<p style=\"font-weight: 400;\">Vertikalus\u00a0trapas 105x105mm, \u0161tampuotos ner\u016bdijan\u010dio plieno grotel\u0117s, i\u0161\u0117jimas \u012f kanalizacij\u0105 50mm<\/p>\n","protected":false},"excerpt":{"rendered":"<p>Vertikalus\u00a0trapas 105x105mm, \u0161tampuotos ner\u016bdijan\u010dio plieno grotel\u0117s, i\u0161\u0117jimas \u012f kanalizacij\u0105 50mm<\/p>\n","protected":false},"featured_media":0,"comment_status":"open","ping_status":"closed","template":"","meta":[],"_links":{"self":[{"href":"http:\/\/www.marykas.lt\/girsas\/wp-json\/wp\/v2\/product\/3873"}],"collection":[{"href":"http:\/\/www.marykas.lt\/girsas\/wp-json\/wp\/v2\/product"}],"about":[{"href":"http:\/\/www.marykas.lt\/girsas\/wp-json\/wp\/v2\/types\/product"}],"replies":[{"embeddable":true,"href":"http:\/\/www.marykas.lt\/girsas\/wp-json\/wp\/v2\/comments?post=3873"}],"wp:attachment":[{"href":"http:\/\/www.marykas.lt\/girsas\/wp-json\/wp\/v2\/media?parent=3873"}],"curies":[{"name":"wp","href":"https:\/\/api.w.org\/{rel}","templated":true}]}}