{"id":3872,"date":"2018-06-12T07:19:52","date_gmt":"2018-06-12T09:19:52","guid":{"rendered":"http:\/\/www.marykas.lt\/girsas\/?post_type=product&#038;p=3872"},"modified":"2018-11-24T17:48:22","modified_gmt":"2018-11-24T19:48:22","slug":"grindu-trapas-su-pvc-plevele-750","status":"publish","type":"product","link":"http:\/\/www.marykas.lt\/girsas\/produktas\/nicoll-buitine-santechnika\/trapai\/grindu-trapas-su-pvc-plevele-750\/","title":{"rendered":"Grind\u0173 trapas su PVC pl\u0117vele 750"},"content":{"rendered":"<p style=\"font-weight: 400;\">Horizontalus\u00a0trapas 100x100mm, \u0161tampuotos arba dekoratyvin\u0117s plazminiu b\u016bdu i\u0161pjaustytos\u00a0ner\u016bdijan\u010dio plieno grotel\u0117s,\u00a0i\u0161\u0117jimas \u012f kanalizacij\u0105 50mm tiekiamas su PVC pl\u0117vele 120x120cm<\/p>\n","protected":false},"excerpt":{"rendered":"<p>Horizontalus\u00a0trapas 100x100mm, \u0161tampuotos arba dekoratyvin\u0117s plazminiu b\u016bdu i\u0161pjaustytos\u00a0ner\u016bdijan\u010dio plieno grotel\u0117s,\u00a0i\u0161\u0117jimas \u012f kanalizacij\u0105 50mm tiekiamas su PVC pl\u0117vele 120x120cm<\/p>\n","protected":false},"featured_media":0,"comment_status":"open","ping_status":"closed","template":"","meta":[],"_links":{"self":[{"href":"http:\/\/www.marykas.lt\/girsas\/wp-json\/wp\/v2\/product\/3872"}],"collection":[{"href":"http:\/\/www.marykas.lt\/girsas\/wp-json\/wp\/v2\/product"}],"about":[{"href":"http:\/\/www.marykas.lt\/girsas\/wp-json\/wp\/v2\/types\/product"}],"replies":[{"embeddable":true,"href":"http:\/\/www.marykas.lt\/girsas\/wp-json\/wp\/v2\/comments?post=3872"}],"wp:attachment":[{"href":"http:\/\/www.marykas.lt\/girsas\/wp-json\/wp\/v2\/media?parent=3872"}],"curies":[{"name":"wp","href":"https:\/\/api.w.org\/{rel}","templated":true}]}}