{"id":3871,"date":"2018-06-12T07:19:10","date_gmt":"2018-06-12T09:19:10","guid":{"rendered":"http:\/\/www.marykas.lt\/girsas\/?post_type=product&#038;p=3871"},"modified":"2018-11-24T17:48:40","modified_gmt":"2018-11-24T19:48:40","slug":"grindu-trapas-su-pvc-plevele-turbosol","status":"publish","type":"product","link":"http:\/\/www.marykas.lt\/girsas\/produktas\/nicoll-buitine-santechnika\/trapai\/grindu-trapas-su-pvc-plevele-turbosol\/","title":{"rendered":"Grind\u0173 trapas su PVC pl\u0117vele TURBOSOL"},"content":{"rendered":"<div>Horizontalus\u00a0suk\u016brinis trapas 100x100mm, \u0161tampuotos arba dekoratyvin\u0117s plazminiu b\u016bdu \u0161pjaustytos\u00a0ner\u016bdijan\u010dio plieno grotel\u0117s,\u00a0i\u0161\u0117jimas \u012f kanalizacij\u0105 50mm tiekiamas su PVC pl\u0117vele 120x120cm<\/div>\n","protected":false},"excerpt":{"rendered":"<p>Horizontalus\u00a0suk\u016brinis trapas 100x100mm, \u0161tampuotos arba dekoratyvin\u0117s plazminiu b\u016bdu \u0161pjaustytos\u00a0ner\u016bdijan\u010dio plieno grotel\u0117s,\u00a0i\u0161\u0117jimas \u012f kanalizacij\u0105 50mm tiekiamas su PVC pl\u0117vele 120x120cm<\/p>\n","protected":false},"featured_media":0,"comment_status":"open","ping_status":"closed","template":"","meta":[],"_links":{"self":[{"href":"http:\/\/www.marykas.lt\/girsas\/wp-json\/wp\/v2\/product\/3871"}],"collection":[{"href":"http:\/\/www.marykas.lt\/girsas\/wp-json\/wp\/v2\/product"}],"about":[{"href":"http:\/\/www.marykas.lt\/girsas\/wp-json\/wp\/v2\/types\/product"}],"replies":[{"embeddable":true,"href":"http:\/\/www.marykas.lt\/girsas\/wp-json\/wp\/v2\/comments?post=3871"}],"wp:attachment":[{"href":"http:\/\/www.marykas.lt\/girsas\/wp-json\/wp\/v2\/media?parent=3871"}],"curies":[{"name":"wp","href":"https:\/\/api.w.org\/{rel}","templated":true}]}}