{"id":3869,"date":"2018-06-12T07:17:39","date_gmt":"2018-06-12T09:17:39","guid":{"rendered":"http:\/\/www.marykas.lt\/girsas\/?post_type=product&#038;p=3869"},"modified":"2018-11-24T17:49:00","modified_gmt":"2018-11-24T19:49:00","slug":"duso-stovas-source-cd63","status":"publish","type":"product","link":"http:\/\/www.marykas.lt\/girsas\/produktas\/nicoll-buitine-santechnika\/dusu-dalys\/duso-stovas-source-cd63\/","title":{"rendered":"Du\u0161o stovas Source CD63"},"content":{"rendered":"<p>Vienos pad\u0117ties du\u0161o stovas su reguliuojamo auk\u0161\u010dio kvadratine lietaus galva, vienos pad\u0117ties reguliuojamo auk\u0161\u010dio du\u0161o galvut\u0117 su apsauga nuo kalki\u0173, 1,75m.ilgio ner\u016bdijan\u010dio plieno \u017earna.<\/p>\n","protected":false},"excerpt":{"rendered":"<p>Vienos pad\u0117ties du\u0161o stovas su reguliuojamo auk\u0161\u010dio kvadratine lietaus galva, vienos pad\u0117ties reguliuojamo auk\u0161\u010dio du\u0161o galvut\u0117 su apsauga nuo kalki\u0173, 1,75m.ilgio ner\u016bdijan\u010dio plieno \u017earna.<\/p>\n","protected":false},"featured_media":3870,"comment_status":"open","ping_status":"closed","template":"","meta":[],"_links":{"self":[{"href":"http:\/\/www.marykas.lt\/girsas\/wp-json\/wp\/v2\/product\/3869"}],"collection":[{"href":"http:\/\/www.marykas.lt\/girsas\/wp-json\/wp\/v2\/product"}],"about":[{"href":"http:\/\/www.marykas.lt\/girsas\/wp-json\/wp\/v2\/types\/product"}],"replies":[{"embeddable":true,"href":"http:\/\/www.marykas.lt\/girsas\/wp-json\/wp\/v2\/comments?post=3869"}],"wp:featuredmedia":[{"embeddable":true,"href":"http:\/\/www.marykas.lt\/girsas\/wp-json\/wp\/v2\/media\/3870"}],"wp:attachment":[{"href":"http:\/\/www.marykas.lt\/girsas\/wp-json\/wp\/v2\/media?parent=3869"}],"curies":[{"name":"wp","href":"https:\/\/api.w.org\/{rel}","templated":true}]}}