{"id":3867,"date":"2018-06-12T07:16:49","date_gmt":"2018-06-12T09:16:49","guid":{"rendered":"http:\/\/www.marykas.lt\/girsas\/?post_type=product&#038;p=3867"},"modified":"2018-11-24T17:49:16","modified_gmt":"2018-11-24T19:49:16","slug":"duso-stovas-cascade-cd62","status":"publish","type":"product","link":"http:\/\/www.marykas.lt\/girsas\/produktas\/nicoll-buitine-santechnika\/dusu-dalys\/duso-stovas-cascade-cd62\/","title":{"rendered":"Du\u0161o stovas cascade CD62"},"content":{"rendered":"<p>Vienos pad\u0117ties reguliuojamo auk\u0161\u010dio du\u0161o stovas\u00a0 su lietaus galva, penki\u0173 pad\u0117\u010di\u0173 reguliuojamo auk\u0161\u010dio du\u0161o galvut\u0117 su apsauga nuo kalki\u0173, 1,75m.ilgio ner\u016bdijan\u010dio plieno \u017earna.<\/p>\n","protected":false},"excerpt":{"rendered":"<p>Vienos pad\u0117ties reguliuojamo auk\u0161\u010dio du\u0161o stovas\u00a0 su lietaus galva, penki\u0173 pad\u0117\u010di\u0173 reguliuojamo auk\u0161\u010dio du\u0161o galvut\u0117 su apsauga nuo kalki\u0173, 1,75m.ilgio ner\u016bdijan\u010dio plieno \u017earna.<\/p>\n","protected":false},"featured_media":3868,"comment_status":"open","ping_status":"closed","template":"","meta":[],"_links":{"self":[{"href":"http:\/\/www.marykas.lt\/girsas\/wp-json\/wp\/v2\/product\/3867"}],"collection":[{"href":"http:\/\/www.marykas.lt\/girsas\/wp-json\/wp\/v2\/product"}],"about":[{"href":"http:\/\/www.marykas.lt\/girsas\/wp-json\/wp\/v2\/types\/product"}],"replies":[{"embeddable":true,"href":"http:\/\/www.marykas.lt\/girsas\/wp-json\/wp\/v2\/comments?post=3867"}],"wp:featuredmedia":[{"embeddable":true,"href":"http:\/\/www.marykas.lt\/girsas\/wp-json\/wp\/v2\/media\/3868"}],"wp:attachment":[{"href":"http:\/\/www.marykas.lt\/girsas\/wp-json\/wp\/v2\/media?parent=3867"}],"curies":[{"name":"wp","href":"https:\/\/api.w.org\/{rel}","templated":true}]}}