{"id":3865,"date":"2018-06-12T07:15:54","date_gmt":"2018-06-12T09:15:54","guid":{"rendered":"http:\/\/www.marykas.lt\/girsas\/?post_type=product&#038;p=3865"},"modified":"2018-11-24T17:49:48","modified_gmt":"2018-11-24T19:49:48","slug":"duso-galvute-cartoon-8014","status":"publish","type":"product","link":"http:\/\/www.marykas.lt\/girsas\/produktas\/nicoll-buitine-santechnika\/dusu-dalys\/duso-galvute-cartoon-8014\/","title":{"rendered":"Du\u0161o galvut\u0117 Cartoon 8014"},"content":{"rendered":"<p>Kompakti\u0161ka. \u0160iuolaiki\u0161ko dizaino, m\u0117lynos ir baltos spalvos. Paprasta, vienos srov\u0117s, pagaminta i\u0161 pirmar\u016b\u0161io polipropileno, plastikas keramikos spalvos.<\/p>\n","protected":false},"excerpt":{"rendered":"<p>Kompakti\u0161ka. \u0160iuolaiki\u0161ko dizaino, m\u0117lynos ir baltos spalvos. Paprasta, vienos srov\u0117s, pagaminta i\u0161 pirmar\u016b\u0161io polipropileno, plastikas keramikos spalvos.<\/p>\n","protected":false},"featured_media":3866,"comment_status":"open","ping_status":"closed","template":"","meta":[],"_links":{"self":[{"href":"http:\/\/www.marykas.lt\/girsas\/wp-json\/wp\/v2\/product\/3865"}],"collection":[{"href":"http:\/\/www.marykas.lt\/girsas\/wp-json\/wp\/v2\/product"}],"about":[{"href":"http:\/\/www.marykas.lt\/girsas\/wp-json\/wp\/v2\/types\/product"}],"replies":[{"embeddable":true,"href":"http:\/\/www.marykas.lt\/girsas\/wp-json\/wp\/v2\/comments?post=3865"}],"wp:featuredmedia":[{"embeddable":true,"href":"http:\/\/www.marykas.lt\/girsas\/wp-json\/wp\/v2\/media\/3866"}],"wp:attachment":[{"href":"http:\/\/www.marykas.lt\/girsas\/wp-json\/wp\/v2\/media?parent=3865"}],"curies":[{"name":"wp","href":"https:\/\/api.w.org\/{rel}","templated":true}]}}