{"id":3863,"date":"2018-06-12T07:14:43","date_gmt":"2018-06-12T09:14:43","guid":{"rendered":"http:\/\/www.marykas.lt\/girsas\/?post_type=product&#038;p=3863"},"modified":"2018-11-24T17:49:57","modified_gmt":"2018-11-24T19:49:57","slug":"duso-galvutes-laikiklis-860","status":"publish","type":"product","link":"http:\/\/www.marykas.lt\/girsas\/produktas\/nicoll-buitine-santechnika\/dusu-dalys\/duso-galvutes-laikiklis-860\/","title":{"rendered":"Du\u0161o galvut\u0117s laikiklis 860"},"content":{"rendered":"<p>Du\u0161o galvut\u0117s laikiklis chromuotas.<\/p>\n","protected":false},"excerpt":{"rendered":"<p>Du\u0161o galvut\u0117s laikiklis chromuotas.<\/p>\n","protected":false},"featured_media":3864,"comment_status":"open","ping_status":"closed","template":"","meta":[],"_links":{"self":[{"href":"http:\/\/www.marykas.lt\/girsas\/wp-json\/wp\/v2\/product\/3863"}],"collection":[{"href":"http:\/\/www.marykas.lt\/girsas\/wp-json\/wp\/v2\/product"}],"about":[{"href":"http:\/\/www.marykas.lt\/girsas\/wp-json\/wp\/v2\/types\/product"}],"replies":[{"embeddable":true,"href":"http:\/\/www.marykas.lt\/girsas\/wp-json\/wp\/v2\/comments?post=3863"}],"wp:featuredmedia":[{"embeddable":true,"href":"http:\/\/www.marykas.lt\/girsas\/wp-json\/wp\/v2\/media\/3864"}],"wp:attachment":[{"href":"http:\/\/www.marykas.lt\/girsas\/wp-json\/wp\/v2\/media?parent=3863"}],"curies":[{"name":"wp","href":"https:\/\/api.w.org\/{rel}","templated":true}]}}