{"id":3861,"date":"2018-06-12T07:13:48","date_gmt":"2018-06-12T09:13:48","guid":{"rendered":"http:\/\/www.marykas.lt\/girsas\/?post_type=product&#038;p=3861"},"modified":"2018-11-24T17:50:20","modified_gmt":"2018-11-24T19:50:20","slug":"duso-galvutes-laikiklio-tvirtinimas-10008","status":"publish","type":"product","link":"http:\/\/www.marykas.lt\/girsas\/produktas\/nicoll-buitine-santechnika\/dusu-dalys\/duso-galvutes-laikiklio-tvirtinimas-10008\/","title":{"rendered":"Du\u0161o galvut\u0117s laikiklio tvirtinimas 10008"},"content":{"rendered":"<p>Du\u0161o galvut\u0117s laikiklio tvirtinimas. Stabilus.<\/p>\n","protected":false},"excerpt":{"rendered":"<p>Du\u0161o galvut\u0117s laikiklio tvirtinimas. Stabilus.<\/p>\n","protected":false},"featured_media":3862,"comment_status":"open","ping_status":"closed","template":"","meta":[],"_links":{"self":[{"href":"http:\/\/www.marykas.lt\/girsas\/wp-json\/wp\/v2\/product\/3861"}],"collection":[{"href":"http:\/\/www.marykas.lt\/girsas\/wp-json\/wp\/v2\/product"}],"about":[{"href":"http:\/\/www.marykas.lt\/girsas\/wp-json\/wp\/v2\/types\/product"}],"replies":[{"embeddable":true,"href":"http:\/\/www.marykas.lt\/girsas\/wp-json\/wp\/v2\/comments?post=3861"}],"wp:featuredmedia":[{"embeddable":true,"href":"http:\/\/www.marykas.lt\/girsas\/wp-json\/wp\/v2\/media\/3862"}],"wp:attachment":[{"href":"http:\/\/www.marykas.lt\/girsas\/wp-json\/wp\/v2\/media?parent=3861"}],"curies":[{"name":"wp","href":"https:\/\/api.w.org\/{rel}","templated":true}]}}