{"id":3859,"date":"2018-06-12T07:12:56","date_gmt":"2018-06-12T09:12:56","guid":{"rendered":"http:\/\/www.marykas.lt\/girsas\/?post_type=product&#038;p=3859"},"modified":"2018-11-24T17:50:29","modified_gmt":"2018-11-24T19:50:29","slug":"duso-zarna-15m-7197","status":"publish","type":"product","link":"http:\/\/www.marykas.lt\/girsas\/produktas\/nicoll-buitine-santechnika\/dusu-dalys\/duso-zarna-15m-7197\/","title":{"rendered":"Du\u0161o \u017earna 1,5m. 7197"},"content":{"rendered":"<p>Du\u0161o \u017earna 1.5m ilgio. \u017dalvaris dengtas chromu, dvigubo u\u017elenkimo \u0161arvas, pajungimas 1\/2&#8243;.<\/p>\n","protected":false},"excerpt":{"rendered":"<p>Du\u0161o \u017earna 1.5m ilgio. \u017dalvaris dengtas chromu, dvigubo u\u017elenkimo \u0161arvas, pajungimas 1\/2&#8243;.<\/p>\n","protected":false},"featured_media":3860,"comment_status":"open","ping_status":"closed","template":"","meta":[],"_links":{"self":[{"href":"http:\/\/www.marykas.lt\/girsas\/wp-json\/wp\/v2\/product\/3859"}],"collection":[{"href":"http:\/\/www.marykas.lt\/girsas\/wp-json\/wp\/v2\/product"}],"about":[{"href":"http:\/\/www.marykas.lt\/girsas\/wp-json\/wp\/v2\/types\/product"}],"replies":[{"embeddable":true,"href":"http:\/\/www.marykas.lt\/girsas\/wp-json\/wp\/v2\/comments?post=3859"}],"wp:featuredmedia":[{"embeddable":true,"href":"http:\/\/www.marykas.lt\/girsas\/wp-json\/wp\/v2\/media\/3860"}],"wp:attachment":[{"href":"http:\/\/www.marykas.lt\/girsas\/wp-json\/wp\/v2\/media?parent=3859"}],"curies":[{"name":"wp","href":"https:\/\/api.w.org\/{rel}","templated":true}]}}