{"id":3857,"date":"2018-06-12T07:12:06","date_gmt":"2018-06-12T09:12:06","guid":{"rendered":"http:\/\/www.marykas.lt\/girsas\/?post_type=product&#038;p=3857"},"modified":"2018-11-24T17:51:21","modified_gmt":"2018-11-24T19:51:21","slug":"duso-zarna-175m-7199","status":"publish","type":"product","link":"http:\/\/www.marykas.lt\/girsas\/produktas\/nicoll-buitine-santechnika\/dusu-dalys\/duso-zarna-175m-7199\/","title":{"rendered":"Du\u0161o \u017earna 1,75m. 7199"},"content":{"rendered":"<p>Du\u0161o \u017earna 1.75 m. ilgio. \u017dalvaris dengtas chromu, dvigubo u\u017elenkimo \u0161arvas, pajungimas 1\/2.<\/p>\n","protected":false},"excerpt":{"rendered":"<p>Du\u0161o \u017earna 1.75 m. ilgio. \u017dalvaris dengtas chromu, dvigubo u\u017elenkimo \u0161arvas, pajungimas 1\/2.<\/p>\n","protected":false},"featured_media":3858,"comment_status":"open","ping_status":"closed","template":"","meta":[],"_links":{"self":[{"href":"http:\/\/www.marykas.lt\/girsas\/wp-json\/wp\/v2\/product\/3857"}],"collection":[{"href":"http:\/\/www.marykas.lt\/girsas\/wp-json\/wp\/v2\/product"}],"about":[{"href":"http:\/\/www.marykas.lt\/girsas\/wp-json\/wp\/v2\/types\/product"}],"replies":[{"embeddable":true,"href":"http:\/\/www.marykas.lt\/girsas\/wp-json\/wp\/v2\/comments?post=3857"}],"wp:featuredmedia":[{"embeddable":true,"href":"http:\/\/www.marykas.lt\/girsas\/wp-json\/wp\/v2\/media\/3858"}],"wp:attachment":[{"href":"http:\/\/www.marykas.lt\/girsas\/wp-json\/wp\/v2\/media?parent=3857"}],"curies":[{"name":"wp","href":"https:\/\/api.w.org\/{rel}","templated":true}]}}