{"id":3855,"date":"2018-06-12T07:11:15","date_gmt":"2018-06-12T09:11:15","guid":{"rendered":"http:\/\/www.marykas.lt\/girsas\/?post_type=product&#038;p=3855"},"modified":"2018-11-24T17:51:40","modified_gmt":"2018-11-24T19:51:40","slug":"duso-zarna-7420","status":"publish","type":"product","link":"http:\/\/www.marykas.lt\/girsas\/produktas\/nicoll-buitine-santechnika\/dusu-dalys\/duso-zarna-7420\/","title":{"rendered":"Du\u0161o \u017earna 7420"},"content":{"rendered":"<p>Du\u0161o \u017earna, pailg\u0117janti nuo 1,6m iki 2 m ilgio. \u017dalvaris dengtas chromu, pajungimas 1\/2&#8243;.<\/p>\n","protected":false},"excerpt":{"rendered":"<p>Du\u0161o \u017earna, pailg\u0117janti nuo 1,6m iki 2 m ilgio. \u017dalvaris dengtas chromu, pajungimas 1\/2&#8243;.<\/p>\n","protected":false},"featured_media":3856,"comment_status":"open","ping_status":"closed","template":"","meta":[],"_links":{"self":[{"href":"http:\/\/www.marykas.lt\/girsas\/wp-json\/wp\/v2\/product\/3855"}],"collection":[{"href":"http:\/\/www.marykas.lt\/girsas\/wp-json\/wp\/v2\/product"}],"about":[{"href":"http:\/\/www.marykas.lt\/girsas\/wp-json\/wp\/v2\/types\/product"}],"replies":[{"embeddable":true,"href":"http:\/\/www.marykas.lt\/girsas\/wp-json\/wp\/v2\/comments?post=3855"}],"wp:featuredmedia":[{"embeddable":true,"href":"http:\/\/www.marykas.lt\/girsas\/wp-json\/wp\/v2\/media\/3856"}],"wp:attachment":[{"href":"http:\/\/www.marykas.lt\/girsas\/wp-json\/wp\/v2\/media?parent=3855"}],"curies":[{"name":"wp","href":"https:\/\/api.w.org\/{rel}","templated":true}]}}