{"id":3852,"date":"2018-06-12T07:10:26","date_gmt":"2018-06-12T09:10:26","guid":{"rendered":"http:\/\/www.marykas.lt\/girsas\/?post_type=product&#038;p=3852"},"modified":"2018-11-24T17:52:02","modified_gmt":"2018-11-24T19:52:02","slug":"duso-galvute-su-laikikliu-chr-42106","status":"publish","type":"product","link":"http:\/\/www.marykas.lt\/girsas\/produktas\/nicoll-buitine-santechnika\/dusu-dalys\/duso-galvute-su-laikikliu-chr-42106\/","title":{"rendered":"Du\u0161o galvut\u0117 su laikikliu chr. 42106"},"content":{"rendered":"<p>Du\u0161o komplektas. Du\u0161o stovas diam.18x600mm chromuotas, \u017earna metalin\u0117150cm ilgio. Du\u0161o galvut\u0117 antikalkin\u0117, 2 funkcij\u0173.<\/p>\n","protected":false},"excerpt":{"rendered":"<p>Du\u0161o komplektas. Du\u0161o stovas diam.18x600mm chromuotas, \u017earna metalin\u0117150cm ilgio. Du\u0161o galvut\u0117 antikalkin\u0117, 2 funkcij\u0173.<\/p>\n","protected":false},"featured_media":3853,"comment_status":"open","ping_status":"closed","template":"","meta":[],"_links":{"self":[{"href":"http:\/\/www.marykas.lt\/girsas\/wp-json\/wp\/v2\/product\/3852"}],"collection":[{"href":"http:\/\/www.marykas.lt\/girsas\/wp-json\/wp\/v2\/product"}],"about":[{"href":"http:\/\/www.marykas.lt\/girsas\/wp-json\/wp\/v2\/types\/product"}],"replies":[{"embeddable":true,"href":"http:\/\/www.marykas.lt\/girsas\/wp-json\/wp\/v2\/comments?post=3852"}],"wp:featuredmedia":[{"embeddable":true,"href":"http:\/\/www.marykas.lt\/girsas\/wp-json\/wp\/v2\/media\/3853"}],"wp:attachment":[{"href":"http:\/\/www.marykas.lt\/girsas\/wp-json\/wp\/v2\/media?parent=3852"}],"curies":[{"name":"wp","href":"https:\/\/api.w.org\/{rel}","templated":true}]}}