{"id":3849,"date":"2018-06-12T07:09:11","date_gmt":"2018-06-12T09:09:11","guid":{"rendered":"http:\/\/www.marykas.lt\/girsas\/?post_type=product&#038;p=3849"},"modified":"2018-11-24T17:52:20","modified_gmt":"2018-11-24T19:52:20","slug":"duso-galvute-su-laikikliu-chr-19174","status":"publish","type":"product","link":"http:\/\/www.marykas.lt\/girsas\/produktas\/nicoll-buitine-santechnika\/dusu-dalys\/duso-galvute-su-laikikliu-chr-19174\/","title":{"rendered":"Du\u0161o galvut\u0117 su laikikliu chr. 19174"},"content":{"rendered":"<p>Du\u0161o komplektas. Du\u0161o stovas diam.25x760mm chromuotas, \u017earna metalin\u0117 150cm ilgio. Du\u0161o\u00a0 galvut\u0117 su filtru, daugiasrov\u0117, 4 funkcij\u0173. Chromuota.<\/p>\n","protected":false},"excerpt":{"rendered":"<p>Du\u0161o komplektas. Du\u0161o stovas diam.25x760mm chromuotas, \u017earna metalin\u0117 150cm ilgio. Du\u0161o\u00a0 galvut\u0117 su filtru, daugiasrov\u0117, 4 funkcij\u0173. Chromuota.<\/p>\n","protected":false},"featured_media":3850,"comment_status":"open","ping_status":"closed","template":"","meta":[],"_links":{"self":[{"href":"http:\/\/www.marykas.lt\/girsas\/wp-json\/wp\/v2\/product\/3849"}],"collection":[{"href":"http:\/\/www.marykas.lt\/girsas\/wp-json\/wp\/v2\/product"}],"about":[{"href":"http:\/\/www.marykas.lt\/girsas\/wp-json\/wp\/v2\/types\/product"}],"replies":[{"embeddable":true,"href":"http:\/\/www.marykas.lt\/girsas\/wp-json\/wp\/v2\/comments?post=3849"}],"wp:featuredmedia":[{"embeddable":true,"href":"http:\/\/www.marykas.lt\/girsas\/wp-json\/wp\/v2\/media\/3850"}],"wp:attachment":[{"href":"http:\/\/www.marykas.lt\/girsas\/wp-json\/wp\/v2\/media?parent=3849"}],"curies":[{"name":"wp","href":"https:\/\/api.w.org\/{rel}","templated":true}]}}