{"id":3844,"date":"2018-06-12T07:06:29","date_gmt":"2018-06-12T09:06:29","guid":{"rendered":"http:\/\/www.marykas.lt\/girsas\/?post_type=product&#038;p=3844"},"modified":"2018-11-24T17:52:51","modified_gmt":"2018-11-24T19:52:51","slug":"duso-galvute-su-laikikliu-chr-19202","status":"publish","type":"product","link":"http:\/\/www.marykas.lt\/girsas\/produktas\/nicoll-buitine-santechnika\/dusu-dalys\/duso-galvute-su-laikikliu-chr-19202\/","title":{"rendered":"Du\u0161o galvut\u0117 su laikikliu chr. 19202"},"content":{"rendered":"<p>Du\u0161o komplektas. Du\u0161o stovas diam. 22x760mm chromuotas, \u017earna metalin\u0117 150cm ilgio. Du\u0161o galvut\u0117\u00a0 su filtru, daugiasrov\u0117, 2\u00a0 funkcij\u0173. Chromuota.<\/p>\n","protected":false},"excerpt":{"rendered":"<p>Du\u0161o komplektas. Du\u0161o stovas diam. 22x760mm chromuotas, \u017earna metalin\u0117 150cm ilgio. Du\u0161o galvut\u0117\u00a0 su filtru, daugiasrov\u0117, 2\u00a0 funkcij\u0173. Chromuota.<\/p>\n","protected":false},"featured_media":3845,"comment_status":"open","ping_status":"closed","template":"","meta":[],"_links":{"self":[{"href":"http:\/\/www.marykas.lt\/girsas\/wp-json\/wp\/v2\/product\/3844"}],"collection":[{"href":"http:\/\/www.marykas.lt\/girsas\/wp-json\/wp\/v2\/product"}],"about":[{"href":"http:\/\/www.marykas.lt\/girsas\/wp-json\/wp\/v2\/types\/product"}],"replies":[{"embeddable":true,"href":"http:\/\/www.marykas.lt\/girsas\/wp-json\/wp\/v2\/comments?post=3844"}],"wp:featuredmedia":[{"embeddable":true,"href":"http:\/\/www.marykas.lt\/girsas\/wp-json\/wp\/v2\/media\/3845"}],"wp:attachment":[{"href":"http:\/\/www.marykas.lt\/girsas\/wp-json\/wp\/v2\/media?parent=3844"}],"curies":[{"name":"wp","href":"https:\/\/api.w.org\/{rel}","templated":true}]}}