{"id":3842,"date":"2018-06-12T07:05:22","date_gmt":"2018-06-12T09:05:22","guid":{"rendered":"http:\/\/www.marykas.lt\/girsas\/?post_type=product&#038;p=3842"},"modified":"2018-11-24T17:53:15","modified_gmt":"2018-11-24T19:53:15","slug":"duso-galvute-307c","status":"publish","type":"product","link":"http:\/\/www.marykas.lt\/girsas\/produktas\/nicoll-buitine-santechnika\/dusu-dalys\/duso-galvute-307c\/","title":{"rendered":"Du\u0161o galvut\u0117 307C"},"content":{"rendered":"<p>Kompakti\u0161ka. Plastmasin\u0117 chromuota, ma\u017ea du\u0161o galvut\u0117 su vo\u017etuvu ant galvut\u0117s. Gali b\u016bt naudojama kaip bidet\u0117.<\/p>\n","protected":false},"excerpt":{"rendered":"<p>Kompakti\u0161ka. Plastmasin\u0117 chromuota, ma\u017ea du\u0161o galvut\u0117 su vo\u017etuvu ant galvut\u0117s. Gali b\u016bt naudojama kaip bidet\u0117.<\/p>\n","protected":false},"featured_media":3843,"comment_status":"open","ping_status":"closed","template":"","meta":[],"_links":{"self":[{"href":"http:\/\/www.marykas.lt\/girsas\/wp-json\/wp\/v2\/product\/3842"}],"collection":[{"href":"http:\/\/www.marykas.lt\/girsas\/wp-json\/wp\/v2\/product"}],"about":[{"href":"http:\/\/www.marykas.lt\/girsas\/wp-json\/wp\/v2\/types\/product"}],"replies":[{"embeddable":true,"href":"http:\/\/www.marykas.lt\/girsas\/wp-json\/wp\/v2\/comments?post=3842"}],"wp:featuredmedia":[{"embeddable":true,"href":"http:\/\/www.marykas.lt\/girsas\/wp-json\/wp\/v2\/media\/3843"}],"wp:attachment":[{"href":"http:\/\/www.marykas.lt\/girsas\/wp-json\/wp\/v2\/media?parent=3842"}],"curies":[{"name":"wp","href":"https:\/\/api.w.org\/{rel}","templated":true}]}}