{"id":3840,"date":"2018-06-12T07:04:30","date_gmt":"2018-06-12T09:04:30","guid":{"rendered":"http:\/\/www.marykas.lt\/girsas\/?post_type=product&#038;p=3840"},"modified":"2018-11-24T17:53:22","modified_gmt":"2018-11-24T19:53:22","slug":"duso-galvute-9074","status":"publish","type":"product","link":"http:\/\/www.marykas.lt\/girsas\/produktas\/nicoll-buitine-santechnika\/dusu-dalys\/duso-galvute-9074\/","title":{"rendered":"Du\u0161o galvut\u0117 9074"},"content":{"rendered":"<p>Du\u0161o galvut\u0117 su filtru, daugiasrov\u0117, 4 funkcij\u0173, chromuota.<\/p>\n","protected":false},"excerpt":{"rendered":"<p>Du\u0161o galvut\u0117 su filtru, daugiasrov\u0117, 4 funkcij\u0173, chromuota.<\/p>\n","protected":false},"featured_media":3841,"comment_status":"open","ping_status":"closed","template":"","meta":[],"_links":{"self":[{"href":"http:\/\/www.marykas.lt\/girsas\/wp-json\/wp\/v2\/product\/3840"}],"collection":[{"href":"http:\/\/www.marykas.lt\/girsas\/wp-json\/wp\/v2\/product"}],"about":[{"href":"http:\/\/www.marykas.lt\/girsas\/wp-json\/wp\/v2\/types\/product"}],"replies":[{"embeddable":true,"href":"http:\/\/www.marykas.lt\/girsas\/wp-json\/wp\/v2\/comments?post=3840"}],"wp:featuredmedia":[{"embeddable":true,"href":"http:\/\/www.marykas.lt\/girsas\/wp-json\/wp\/v2\/media\/3841"}],"wp:attachment":[{"href":"http:\/\/www.marykas.lt\/girsas\/wp-json\/wp\/v2\/media?parent=3840"}],"curies":[{"name":"wp","href":"https:\/\/api.w.org\/{rel}","templated":true}]}}