{"id":3834,"date":"2018-06-12T07:02:58","date_gmt":"2018-06-12T09:02:58","guid":{"rendered":"http:\/\/www.marykas.lt\/girsas\/?post_type=product&#038;p=3834"},"modified":"2018-11-24T17:53:44","modified_gmt":"2018-11-24T19:53:44","slug":"vonios-sifonas-easybain-eb07s","status":"publish","type":"product","link":"http:\/\/www.marykas.lt\/girsas\/produktas\/nicoll-buitine-santechnika\/voniu-kriaukliu-dalys\/vonios\/vonios-sifonas-easybain-eb07s\/","title":{"rendered":"Vonios sifonas easybain EB07S"},"content":{"rendered":"<p>Automatinis vonios sifonas su persipylimo vamzdeliu. Nauja technologija su \u012flietom tarpin\u0117m. Kei\u010diama pajungimo kryptis 360<sup>o<\/sup>. Didelis pralaidumas, 70 l\/min. Savaime i\u0161sivalantis sifonas.\u00a0 Pajungimas 40 mm. Komplektuojama su alk\u016bne 135<sup>o<\/sup>\u00a0su per\u0117jimu \u012f 40 ir 50 mm.\u00a0Pailg\u0117janti gofruota \u017earna nuo 450 iki 650 mm.<\/p>\n<p><a href=\"http:\/\/www.marykas.lt\/girsas\/wp-content\/uploads\/2018\/06\/9866096_Notice-Easybain_oct09.pdf\">Montavimo instrukcija<\/a><\/p>\n","protected":false},"excerpt":{"rendered":"<p>Automatinis vonios sifonas su persipylimo vamzdeliu. Nauja technologija su \u012flietom tarpin\u0117m. Kei\u010diama pajungimo kryptis 360<sup>o<\/sup>. Didelis pralaidumas, 70 l\/min. Savaime i\u0161sivalantis sifonas.\u00a0 Pajungimas 40 mm. Komplektuojama su alk\u016bne 135<sup>o<\/sup>\u00a0su per\u0117jimu \u012f 40 ir 50 mm.\u00a0Pailg\u0117janti gofruota \u017earna nuo 450 iki 650 mm.<\/p>\n","protected":false},"featured_media":3835,"comment_status":"open","ping_status":"closed","template":"","meta":[],"_links":{"self":[{"href":"http:\/\/www.marykas.lt\/girsas\/wp-json\/wp\/v2\/product\/3834"}],"collection":[{"href":"http:\/\/www.marykas.lt\/girsas\/wp-json\/wp\/v2\/product"}],"about":[{"href":"http:\/\/www.marykas.lt\/girsas\/wp-json\/wp\/v2\/types\/product"}],"replies":[{"embeddable":true,"href":"http:\/\/www.marykas.lt\/girsas\/wp-json\/wp\/v2\/comments?post=3834"}],"wp:featuredmedia":[{"embeddable":true,"href":"http:\/\/www.marykas.lt\/girsas\/wp-json\/wp\/v2\/media\/3835"}],"wp:attachment":[{"href":"http:\/\/www.marykas.lt\/girsas\/wp-json\/wp\/v2\/media?parent=3834"}],"curies":[{"name":"wp","href":"https:\/\/api.w.org\/{rel}","templated":true}]}}