{"id":3831,"date":"2018-06-12T06:55:11","date_gmt":"2018-06-12T08:55:11","guid":{"rendered":"http:\/\/www.marykas.lt\/girsas\/?post_type=product&#038;p=3831"},"modified":"2018-11-24T17:53:51","modified_gmt":"2018-11-24T19:53:51","slug":"aut-vonios-sifonas-sukurinis-tbb08","status":"publish","type":"product","link":"http:\/\/www.marykas.lt\/girsas\/produktas\/nicoll-buitine-santechnika\/voniu-kriaukliu-dalys\/vonios\/aut-vonios-sifonas-sukurinis-tbb08\/","title":{"rendered":"Aut. vonios sifonas s\u016bkurinis TBB08"},"content":{"rendered":"<p>Universalus automatinis vonios sifonas &#8211; padidinto pralaidumo 70 l\/min. Ner\u016bdijan\u010dio plieno dangtelis, 65 cm ilgio trosas su metaliniu lizdu. Pajungimo alk\u016bn\u0117s diam 40-50 mm.<\/p>\n","protected":false},"excerpt":{"rendered":"<p>Universalus automatinis vonios sifonas &#8211; padidinto pralaidumo 70 l\/min. Ner\u016bdijan\u010dio plieno dangtelis, 65 cm ilgio trosas su metaliniu lizdu. Pajungimo alk\u016bn\u0117s diam 40-50 mm.<\/p>\n","protected":false},"featured_media":3832,"comment_status":"open","ping_status":"closed","template":"","meta":[],"_links":{"self":[{"href":"http:\/\/www.marykas.lt\/girsas\/wp-json\/wp\/v2\/product\/3831"}],"collection":[{"href":"http:\/\/www.marykas.lt\/girsas\/wp-json\/wp\/v2\/product"}],"about":[{"href":"http:\/\/www.marykas.lt\/girsas\/wp-json\/wp\/v2\/types\/product"}],"replies":[{"embeddable":true,"href":"http:\/\/www.marykas.lt\/girsas\/wp-json\/wp\/v2\/comments?post=3831"}],"wp:featuredmedia":[{"embeddable":true,"href":"http:\/\/www.marykas.lt\/girsas\/wp-json\/wp\/v2\/media\/3832"}],"wp:attachment":[{"href":"http:\/\/www.marykas.lt\/girsas\/wp-json\/wp\/v2\/media?parent=3831"}],"curies":[{"name":"wp","href":"https:\/\/api.w.org\/{rel}","templated":true}]}}