{"id":3828,"date":"2018-06-12T06:54:05","date_gmt":"2018-06-12T08:54:05","guid":{"rendered":"http:\/\/www.marykas.lt\/girsas\/?post_type=product&#038;p=3828"},"modified":"2018-11-24T17:54:36","modified_gmt":"2018-11-24T19:54:36","slug":"aut-vonios-sifonas-sukurinis-tbb7p","status":"publish","type":"product","link":"http:\/\/www.marykas.lt\/girsas\/produktas\/nicoll-buitine-santechnika\/voniu-kriaukliu-dalys\/vonios\/aut-vonios-sifonas-sukurinis-tbb7p\/","title":{"rendered":"Aut. vonios sifonas s\u016bkurinis TBB7P"},"content":{"rendered":"<p>Universalus automatinis vonios sifonas, padidinto pralaidumo (70l\/min), ner\u016bdijan\u010dio plieno dangtelis, 65 cm trosas. Su pajungimo alk\u016bne diam 40-50mm<\/p>\n","protected":false},"excerpt":{"rendered":"<p>Universalus automatinis vonios sifonas, padidinto pralaidumo (70l\/min), ner\u016bdijan\u010dio plieno dangtelis, 65 cm trosas. Su pajungimo alk\u016bne diam 40-50mm<\/p>\n","protected":false},"featured_media":3829,"comment_status":"open","ping_status":"closed","template":"","meta":[],"_links":{"self":[{"href":"http:\/\/www.marykas.lt\/girsas\/wp-json\/wp\/v2\/product\/3828"}],"collection":[{"href":"http:\/\/www.marykas.lt\/girsas\/wp-json\/wp\/v2\/product"}],"about":[{"href":"http:\/\/www.marykas.lt\/girsas\/wp-json\/wp\/v2\/types\/product"}],"replies":[{"embeddable":true,"href":"http:\/\/www.marykas.lt\/girsas\/wp-json\/wp\/v2\/comments?post=3828"}],"wp:featuredmedia":[{"embeddable":true,"href":"http:\/\/www.marykas.lt\/girsas\/wp-json\/wp\/v2\/media\/3829"}],"wp:attachment":[{"href":"http:\/\/www.marykas.lt\/girsas\/wp-json\/wp\/v2\/media?parent=3828"}],"curies":[{"name":"wp","href":"https:\/\/api.w.org\/{rel}","templated":true}]}}