{"id":3825,"date":"2018-06-12T06:52:38","date_gmt":"2018-06-12T08:52:38","guid":{"rendered":"http:\/\/www.marykas.lt\/girsas\/?post_type=product&#038;p=3825"},"modified":"2018-11-24T17:54:24","modified_gmt":"2018-11-24T19:54:24","slug":"aut-vonios-sifonas-chr-6521v","status":"publish","type":"product","link":"http:\/\/www.marykas.lt\/girsas\/produktas\/nicoll-buitine-santechnika\/voniu-kriaukliu-dalys\/vonios\/aut-vonios-sifonas-chr-6521v\/","title":{"rendered":"Aut. vonios sifonas chr. 6521V"},"content":{"rendered":"<p>Automatinis vonios sifonas. Perpilymas su vamzduku. Trosas 650mm. Su dviguba tarpine. Kompakti\u0161kas ir savaime i\u0161sivalantis. Su pajungimo alk\u016bne diam. 40-50mm.<\/p>\n","protected":false},"excerpt":{"rendered":"<p>Automatinis vonios sifonas. Perpilymas su vamzduku. Trosas 650mm. Su dviguba tarpine. Kompakti\u0161kas ir savaime i\u0161sivalantis. Su pajungimo alk\u016bne diam. 40-50mm.<\/p>\n","protected":false},"featured_media":3826,"comment_status":"open","ping_status":"closed","template":"","meta":[],"_links":{"self":[{"href":"http:\/\/www.marykas.lt\/girsas\/wp-json\/wp\/v2\/product\/3825"}],"collection":[{"href":"http:\/\/www.marykas.lt\/girsas\/wp-json\/wp\/v2\/product"}],"about":[{"href":"http:\/\/www.marykas.lt\/girsas\/wp-json\/wp\/v2\/types\/product"}],"replies":[{"embeddable":true,"href":"http:\/\/www.marykas.lt\/girsas\/wp-json\/wp\/v2\/comments?post=3825"}],"wp:featuredmedia":[{"embeddable":true,"href":"http:\/\/www.marykas.lt\/girsas\/wp-json\/wp\/v2\/media\/3826"}],"wp:attachment":[{"href":"http:\/\/www.marykas.lt\/girsas\/wp-json\/wp\/v2\/media?parent=3825"}],"curies":[{"name":"wp","href":"https:\/\/api.w.org\/{rel}","templated":true}]}}