{"id":3822,"date":"2018-06-12T06:49:35","date_gmt":"2018-06-12T08:49:35","guid":{"rendered":"http:\/\/www.marykas.lt\/girsas\/?post_type=product&#038;p=3822"},"modified":"2018-11-24T17:55:18","modified_gmt":"2018-11-24T19:55:18","slug":"aut-vonios-sifonas-chr-v037p","status":"publish","type":"product","link":"http:\/\/www.marykas.lt\/girsas\/produktas\/nicoll-buitine-santechnika\/voniu-kriaukliu-dalys\/vonios\/aut-vonios-sifonas-chr-v037p\/","title":{"rendered":"Aut. vonios sifonas chr. V037P"},"content":{"rendered":"<p>Automatinis vonios sifonas. \u017dalvarinis dangtelis padengtas chromu, trosas 650mm. Su dviguba tarpine. Kompakti\u0161kas ir savaime i\u0161sivalantis. Su pajungimo alk\u016bne diam. 40-50mm.<\/p>\n","protected":false},"excerpt":{"rendered":"<p>Automatinis vonios sifonas. \u017dalvarinis dangtelis padengtas chromu, trosas 650mm. Su dviguba tarpine. Kompakti\u0161kas ir savaime i\u0161sivalantis. Su pajungimo alk\u016bne diam. 40-50mm.<\/p>\n","protected":false},"featured_media":3823,"comment_status":"open","ping_status":"closed","template":"","meta":[],"_links":{"self":[{"href":"http:\/\/www.marykas.lt\/girsas\/wp-json\/wp\/v2\/product\/3822"}],"collection":[{"href":"http:\/\/www.marykas.lt\/girsas\/wp-json\/wp\/v2\/product"}],"about":[{"href":"http:\/\/www.marykas.lt\/girsas\/wp-json\/wp\/v2\/types\/product"}],"replies":[{"embeddable":true,"href":"http:\/\/www.marykas.lt\/girsas\/wp-json\/wp\/v2\/comments?post=3822"}],"wp:featuredmedia":[{"embeddable":true,"href":"http:\/\/www.marykas.lt\/girsas\/wp-json\/wp\/v2\/media\/3823"}],"wp:attachment":[{"href":"http:\/\/www.marykas.lt\/girsas\/wp-json\/wp\/v2\/media?parent=3822"}],"curies":[{"name":"wp","href":"https:\/\/api.w.org\/{rel}","templated":true}]}}