{"id":3819,"date":"2018-06-12T06:48:19","date_gmt":"2018-06-12T08:48:19","guid":{"rendered":"http:\/\/www.marykas.lt\/girsas\/?post_type=product&#038;p=3819"},"modified":"2018-11-24T17:55:43","modified_gmt":"2018-11-24T19:55:43","slug":"vonios-sifonas-b202d","status":"publish","type":"product","link":"http:\/\/www.marykas.lt\/girsas\/produktas\/nicoll-buitine-santechnika\/voniu-kriaukliu-dalys\/vonios\/vonios-sifonas-b202d\/","title":{"rendered":"Vonios sifonas B202D"},"content":{"rendered":"<p>Vonios sifonas. Su kam\u0161teliu ir grandin\u0117le. Paprastas montavimas. Su dviguba tarpine. Kompakti\u0161kas ir savaime i\u0161sivalantis. Su pajungimo alk\u016bne diam. 40-50mm.<\/p>\n","protected":false},"excerpt":{"rendered":"<p>Vonios sifonas. Su kam\u0161teliu ir grandin\u0117le. Paprastas montavimas. Su dviguba tarpine. Kompakti\u0161kas ir savaime i\u0161sivalantis. Su pajungimo alk\u016bne diam. 40-50mm.<\/p>\n","protected":false},"featured_media":3820,"comment_status":"open","ping_status":"closed","template":"","meta":[],"_links":{"self":[{"href":"http:\/\/www.marykas.lt\/girsas\/wp-json\/wp\/v2\/product\/3819"}],"collection":[{"href":"http:\/\/www.marykas.lt\/girsas\/wp-json\/wp\/v2\/product"}],"about":[{"href":"http:\/\/www.marykas.lt\/girsas\/wp-json\/wp\/v2\/types\/product"}],"replies":[{"embeddable":true,"href":"http:\/\/www.marykas.lt\/girsas\/wp-json\/wp\/v2\/comments?post=3819"}],"wp:featuredmedia":[{"embeddable":true,"href":"http:\/\/www.marykas.lt\/girsas\/wp-json\/wp\/v2\/media\/3820"}],"wp:attachment":[{"href":"http:\/\/www.marykas.lt\/girsas\/wp-json\/wp\/v2\/media?parent=3819"}],"curies":[{"name":"wp","href":"https:\/\/api.w.org\/{rel}","templated":true}]}}