{"id":3816,"date":"2018-06-11T07:02:07","date_gmt":"2018-06-11T09:02:07","guid":{"rendered":"http:\/\/www.marykas.lt\/girsas\/?post_type=product&#038;p=3816"},"modified":"2018-11-24T17:55:59","modified_gmt":"2018-11-24T19:55:59","slug":"duso-sifonas-chr-584","status":"publish","type":"product","link":"http:\/\/www.marykas.lt\/girsas\/produktas\/nicoll-buitine-santechnika\/voniu-kriaukliu-dalys\/duso-kabinos\/duso-sifonas-chr-584\/","title":{"rendered":"Du\u0161o sifonas chr. 584"},"content":{"rendered":"<p>Du\u0161o sifonas diam 60mm. Du\u0161o pad\u0117klams i\u0161 bet koki\u0173 med\u017eiag\u0173. Labai kompakti\u0161kas, auk\u0161tis nuo 67iki 76mm. Lengvai atidaromas ir valomas.<\/p>\n","protected":false},"excerpt":{"rendered":"<p>Du\u0161o sifonas diam 60mm. Du\u0161o pad\u0117klams i\u0161 bet koki\u0173 med\u017eiag\u0173. Labai kompakti\u0161kas, auk\u0161tis nuo 67iki 76mm. Lengvai atidaromas ir valomas.<\/p>\n","protected":false},"featured_media":3817,"comment_status":"open","ping_status":"closed","template":"","meta":[],"_links":{"self":[{"href":"http:\/\/www.marykas.lt\/girsas\/wp-json\/wp\/v2\/product\/3816"}],"collection":[{"href":"http:\/\/www.marykas.lt\/girsas\/wp-json\/wp\/v2\/product"}],"about":[{"href":"http:\/\/www.marykas.lt\/girsas\/wp-json\/wp\/v2\/types\/product"}],"replies":[{"embeddable":true,"href":"http:\/\/www.marykas.lt\/girsas\/wp-json\/wp\/v2\/comments?post=3816"}],"wp:featuredmedia":[{"embeddable":true,"href":"http:\/\/www.marykas.lt\/girsas\/wp-json\/wp\/v2\/media\/3817"}],"wp:attachment":[{"href":"http:\/\/www.marykas.lt\/girsas\/wp-json\/wp\/v2\/media?parent=3816"}],"curies":[{"name":"wp","href":"https:\/\/api.w.org\/{rel}","templated":true}]}}