{"id":3813,"date":"2018-06-11T07:00:54","date_gmt":"2018-06-11T09:00:54","guid":{"rendered":"http:\/\/www.marykas.lt\/girsas\/?post_type=product&#038;p=3813"},"modified":"2018-11-24T17:56:30","modified_gmt":"2018-11-24T19:56:30","slug":"duso-sifonas-tb601","status":"publish","type":"product","link":"http:\/\/www.marykas.lt\/girsas\/produktas\/nicoll-buitine-santechnika\/voniu-kriaukliu-dalys\/duso-kabinos\/duso-sifonas-tb601\/","title":{"rendered":"Du\u0161o sifonas TB601"},"content":{"rendered":"<p>Sifonas du\u0161o kabinai diam 60 mm. Du\u0161\u0173 pad\u0117klams i\u0161 bet koki\u0173 med\u017eiag\u0173. Padidinto pralaidumo 54 l\/min. Kompakti\u0161kas H=80 mm. Dekoratyvinis chromuotas dangtelis.<\/p>\n","protected":false},"excerpt":{"rendered":"<p>Sifonas du\u0161o kabinai diam 60 mm. Du\u0161\u0173 pad\u0117klams i\u0161 bet koki\u0173 med\u017eiag\u0173. Padidinto pralaidumo 54 l\/min. Kompakti\u0161kas H=80 mm. Dekoratyvinis chromuotas dangtelis.<\/p>\n","protected":false},"featured_media":3811,"comment_status":"open","ping_status":"closed","template":"","meta":[],"_links":{"self":[{"href":"http:\/\/www.marykas.lt\/girsas\/wp-json\/wp\/v2\/product\/3813"}],"collection":[{"href":"http:\/\/www.marykas.lt\/girsas\/wp-json\/wp\/v2\/product"}],"about":[{"href":"http:\/\/www.marykas.lt\/girsas\/wp-json\/wp\/v2\/types\/product"}],"replies":[{"embeddable":true,"href":"http:\/\/www.marykas.lt\/girsas\/wp-json\/wp\/v2\/comments?post=3813"}],"wp:featuredmedia":[{"embeddable":true,"href":"http:\/\/www.marykas.lt\/girsas\/wp-json\/wp\/v2\/media\/3811"}],"wp:attachment":[{"href":"http:\/\/www.marykas.lt\/girsas\/wp-json\/wp\/v2\/media?parent=3813"}],"curies":[{"name":"wp","href":"https:\/\/api.w.org\/{rel}","templated":true}]}}