{"id":3804,"date":"2018-06-11T06:57:16","date_gmt":"2018-06-11T08:57:16","guid":{"rendered":"http:\/\/www.marykas.lt\/girsas\/?post_type=product&#038;p=3804"},"modified":"2018-11-24T17:57:33","modified_gmt":"2018-11-24T19:57:33","slug":"duso-sifonas-577","status":"publish","type":"product","link":"http:\/\/www.marykas.lt\/girsas\/produktas\/nicoll-buitine-santechnika\/voniu-kriaukliu-dalys\/duso-kabinos\/duso-sifonas-577\/","title":{"rendered":"Du\u0161o sifonas 577"},"content":{"rendered":"<p>Du\u0161o arba vonios sifonas. I\u0161\u0117jimo anga 1\/2&#8243;. Ner\u016bdijan\u010dio plieno plok\u0161tel\u0117 diam 70, su alk\u016bne 40-50mm.<\/p>\n","protected":false},"excerpt":{"rendered":"<p>Du\u0161o arba vonios sifonas. I\u0161\u0117jimo anga 1\/2&#8243;. Ner\u016bdijan\u010dio plieno plok\u0161tel\u0117 diam 70, su alk\u016bne 40-50mm.<\/p>\n","protected":false},"featured_media":3805,"comment_status":"open","ping_status":"closed","template":"","meta":[],"_links":{"self":[{"href":"http:\/\/www.marykas.lt\/girsas\/wp-json\/wp\/v2\/product\/3804"}],"collection":[{"href":"http:\/\/www.marykas.lt\/girsas\/wp-json\/wp\/v2\/product"}],"about":[{"href":"http:\/\/www.marykas.lt\/girsas\/wp-json\/wp\/v2\/types\/product"}],"replies":[{"embeddable":true,"href":"http:\/\/www.marykas.lt\/girsas\/wp-json\/wp\/v2\/comments?post=3804"}],"wp:featuredmedia":[{"embeddable":true,"href":"http:\/\/www.marykas.lt\/girsas\/wp-json\/wp\/v2\/media\/3805"}],"wp:attachment":[{"href":"http:\/\/www.marykas.lt\/girsas\/wp-json\/wp\/v2\/media?parent=3804"}],"curies":[{"name":"wp","href":"https:\/\/api.w.org\/{rel}","templated":true}]}}