{"id":3801,"date":"2018-06-11T06:56:13","date_gmt":"2018-06-11T08:56:13","guid":{"rendered":"http:\/\/www.marykas.lt\/girsas\/?post_type=product&#038;p=3801"},"modified":"2018-11-24T17:57:59","modified_gmt":"2018-11-24T19:57:59","slug":"duso-sifonas-690","status":"publish","type":"product","link":"http:\/\/www.marykas.lt\/girsas\/produktas\/nicoll-buitine-santechnika\/voniu-kriaukliu-dalys\/duso-kabinos\/duso-sifonas-690\/","title":{"rendered":"Du\u0161o sifonas 690"},"content":{"rendered":"<p>Du\u0161o sifonas diam 90mm. Du\u0161o pad\u0117klams i\u0161 bet koki\u0173 med\u017eiag\u0173. Labai kompakti\u0161kas, H=80mm. Lengvai atidaromas ir valomas.<\/p>\n","protected":false},"excerpt":{"rendered":"<p>Du\u0161o sifonas diam 90mm. Du\u0161o pad\u0117klams i\u0161 bet koki\u0173 med\u017eiag\u0173. Labai kompakti\u0161kas, H=80mm. Lengvai atidaromas ir valomas.<\/p>\n","protected":false},"featured_media":3802,"comment_status":"open","ping_status":"closed","template":"","meta":[],"_links":{"self":[{"href":"http:\/\/www.marykas.lt\/girsas\/wp-json\/wp\/v2\/product\/3801"}],"collection":[{"href":"http:\/\/www.marykas.lt\/girsas\/wp-json\/wp\/v2\/product"}],"about":[{"href":"http:\/\/www.marykas.lt\/girsas\/wp-json\/wp\/v2\/types\/product"}],"replies":[{"embeddable":true,"href":"http:\/\/www.marykas.lt\/girsas\/wp-json\/wp\/v2\/comments?post=3801"}],"wp:featuredmedia":[{"embeddable":true,"href":"http:\/\/www.marykas.lt\/girsas\/wp-json\/wp\/v2\/media\/3802"}],"wp:attachment":[{"href":"http:\/\/www.marykas.lt\/girsas\/wp-json\/wp\/v2\/media?parent=3801"}],"curies":[{"name":"wp","href":"https:\/\/api.w.org\/{rel}","templated":true}]}}