{"id":3795,"date":"2018-06-11T06:53:53","date_gmt":"2018-06-11T08:53:53","guid":{"rendered":"http:\/\/www.marykas.lt\/girsas\/?post_type=product&#038;p=3795"},"modified":"2018-11-24T17:58:43","modified_gmt":"2018-11-24T19:58:43","slug":"praustuvo-sifonas-su-ilietom-tarpinem-bei-kamsciu-be-vamzdelio-bm217","status":"publish","type":"product","link":"http:\/\/www.marykas.lt\/girsas\/produktas\/nicoll-buitine-santechnika\/voniu-kriaukliu-dalys\/kriaukles-plautuves\/praustuvo-sifonas-su-ilietom-tarpinem-bei-kamsciu-be-vamzdelio-bm217\/","title":{"rendered":"Praustuvo sifonas su \u012flietom tarpin\u0117m bei kam\u0161\u010diu, be vamzdelio BM217"},"content":{"rendered":"<p>Ner\u016bdijan\u010dio plieno plok\u0161tel\u0117 diam. 65mm .Reguliuojamo auk\u0161\u010dio kam\u0161tis su ner\u016bdijan\u010dio plieno vir\u0161umi. Lengvai atidaromas ir i\u0161valomas ,i\u0161\u0117jimas diam.32<\/p>\n","protected":false},"excerpt":{"rendered":"<p>Ner\u016bdijan\u010dio plieno plok\u0161tel\u0117 diam. 65mm .Reguliuojamo auk\u0161\u010dio kam\u0161tis su ner\u016bdijan\u010dio plieno vir\u0161umi. Lengvai atidaromas ir i\u0161valomas ,i\u0161\u0117jimas diam.32<\/p>\n","protected":false},"featured_media":3796,"comment_status":"open","ping_status":"closed","template":"","meta":[],"_links":{"self":[{"href":"http:\/\/www.marykas.lt\/girsas\/wp-json\/wp\/v2\/product\/3795"}],"collection":[{"href":"http:\/\/www.marykas.lt\/girsas\/wp-json\/wp\/v2\/product"}],"about":[{"href":"http:\/\/www.marykas.lt\/girsas\/wp-json\/wp\/v2\/types\/product"}],"replies":[{"embeddable":true,"href":"http:\/\/www.marykas.lt\/girsas\/wp-json\/wp\/v2\/comments?post=3795"}],"wp:featuredmedia":[{"embeddable":true,"href":"http:\/\/www.marykas.lt\/girsas\/wp-json\/wp\/v2\/media\/3796"}],"wp:attachment":[{"href":"http:\/\/www.marykas.lt\/girsas\/wp-json\/wp\/v2\/media?parent=3795"}],"curies":[{"name":"wp","href":"https:\/\/api.w.org\/{rel}","templated":true}]}}