{"id":3792,"date":"2018-06-11T06:51:48","date_gmt":"2018-06-11T08:51:48","guid":{"rendered":"http:\/\/www.marykas.lt\/girsas\/?post_type=product&#038;p=3792"},"modified":"2018-11-24T17:59:04","modified_gmt":"2018-11-24T19:59:04","slug":"praustuvo-sifonas-su-ilietom-tarpinem-c2921-2","status":"publish","type":"product","link":"http:\/\/www.marykas.lt\/girsas\/produktas\/nicoll-buitine-santechnika\/voniu-kriaukliu-dalys\/praustuves-bides\/praustuvo-sifonas-su-ilietom-tarpinem-c2921-2\/","title":{"rendered":"Praustuvo sifonas su \u012flietom tarpin\u0117m C2921"},"content":{"rendered":"<p>Universalus\u00a0 praustuvo sifonas su \u012flietom tarpin\u0117m. Lengvai i\u0161ardomas ir i\u0161valomas, i\u0161\u0117jimas diam. 32. Yra vamzdelis pajungimui \u012f kanalizacij\u0105 ir u\u017edengimo rozet\u0117.<\/p>\n","protected":false},"excerpt":{"rendered":"<p>Universalus\u00a0 praustuvo sifonas su \u012flietom tarpin\u0117m. Lengvai i\u0161ardomas ir i\u0161valomas, i\u0161\u0117jimas diam. 32. Yra vamzdelis pajungimui \u012f kanalizacij\u0105 ir u\u017edengimo rozet\u0117.<\/p>\n","protected":false},"featured_media":3793,"comment_status":"open","ping_status":"closed","template":"","meta":[],"_links":{"self":[{"href":"http:\/\/www.marykas.lt\/girsas\/wp-json\/wp\/v2\/product\/3792"}],"collection":[{"href":"http:\/\/www.marykas.lt\/girsas\/wp-json\/wp\/v2\/product"}],"about":[{"href":"http:\/\/www.marykas.lt\/girsas\/wp-json\/wp\/v2\/types\/product"}],"replies":[{"embeddable":true,"href":"http:\/\/www.marykas.lt\/girsas\/wp-json\/wp\/v2\/comments?post=3792"}],"wp:featuredmedia":[{"embeddable":true,"href":"http:\/\/www.marykas.lt\/girsas\/wp-json\/wp\/v2\/media\/3793"}],"wp:attachment":[{"href":"http:\/\/www.marykas.lt\/girsas\/wp-json\/wp\/v2\/media?parent=3792"}],"curies":[{"name":"wp","href":"https:\/\/api.w.org\/{rel}","templated":true}]}}