{"id":3783,"date":"2018-06-11T06:48:16","date_gmt":"2018-06-11T08:48:16","guid":{"rendered":"http:\/\/www.marykas.lt\/girsas\/?post_type=product&#038;p=3783"},"modified":"2018-11-24T18:00:14","modified_gmt":"2018-11-24T20:00:14","slug":"lanksti-zarna-6002","status":"publish","type":"product","link":"http:\/\/www.marykas.lt\/girsas\/produktas\/nicoll-buitine-santechnika\/voniu-kriaukliu-dalys\/kriaukles-plautuves\/lanksti-zarna-6002\/","title":{"rendered":"Lanksti \u017earna 6002"},"content":{"rendered":"<p>Lanksti, gofruota \u017earna, 60cm ilgio, diam.40,pajungimui \u012f kanalizacij\u0105.<\/p>\n","protected":false},"excerpt":{"rendered":"<p>Lanksti, gofruota \u017earna, 60cm ilgio, diam.40,pajungimui \u012f kanalizacij\u0105.<\/p>\n","protected":false},"featured_media":3784,"comment_status":"open","ping_status":"closed","template":"","meta":[],"_links":{"self":[{"href":"http:\/\/www.marykas.lt\/girsas\/wp-json\/wp\/v2\/product\/3783"}],"collection":[{"href":"http:\/\/www.marykas.lt\/girsas\/wp-json\/wp\/v2\/product"}],"about":[{"href":"http:\/\/www.marykas.lt\/girsas\/wp-json\/wp\/v2\/types\/product"}],"replies":[{"embeddable":true,"href":"http:\/\/www.marykas.lt\/girsas\/wp-json\/wp\/v2\/comments?post=3783"}],"wp:featuredmedia":[{"embeddable":true,"href":"http:\/\/www.marykas.lt\/girsas\/wp-json\/wp\/v2\/media\/3784"}],"wp:attachment":[{"href":"http:\/\/www.marykas.lt\/girsas\/wp-json\/wp\/v2\/media?parent=3783"}],"curies":[{"name":"wp","href":"https:\/\/api.w.org\/{rel}","templated":true}]}}