{"id":3780,"date":"2018-06-11T06:47:03","date_gmt":"2018-06-11T08:47:03","guid":{"rendered":"http:\/\/www.marykas.lt\/girsas\/?post_type=product&#038;p=3780"},"modified":"2018-11-24T18:00:39","modified_gmt":"2018-11-24T20:00:39","slug":"plautuves-sifonas-su-ilietom-tarpinem-c2955","status":"publish","type":"product","link":"http:\/\/www.marykas.lt\/girsas\/produktas\/nicoll-buitine-santechnika\/voniu-kriaukliu-dalys\/kriaukles-plautuves\/plautuves-sifonas-su-ilietom-tarpinem-c2955\/","title":{"rendered":"Plautuv\u0117s sifonas su \u012flietom tarpin\u0117m C2955"},"content":{"rendered":"<p>Universalus plautuv\u0117s sifonas su \u012flietomis tarpin\u0117mis. Kintamo auk\u0161\u010dio. Lengvai atidaromas ir i\u0161valomas, i\u0161\u0117jimo diam 40. Yra vamzdelis ir rozet\u0117\u00a0 pajungimui \u012f kanalizacij\u0105.<\/p>\n","protected":false},"excerpt":{"rendered":"<p>Universalus plautuv\u0117s sifonas su \u012flietomis tarpin\u0117mis. Kintamo auk\u0161\u010dio. Lengvai atidaromas ir i\u0161valomas, i\u0161\u0117jimo diam 40. Yra vamzdelis ir rozet\u0117\u00a0 pajungimui \u012f kanalizacij\u0105.<\/p>\n","protected":false},"featured_media":3781,"comment_status":"open","ping_status":"closed","template":"","meta":[],"_links":{"self":[{"href":"http:\/\/www.marykas.lt\/girsas\/wp-json\/wp\/v2\/product\/3780"}],"collection":[{"href":"http:\/\/www.marykas.lt\/girsas\/wp-json\/wp\/v2\/product"}],"about":[{"href":"http:\/\/www.marykas.lt\/girsas\/wp-json\/wp\/v2\/types\/product"}],"replies":[{"embeddable":true,"href":"http:\/\/www.marykas.lt\/girsas\/wp-json\/wp\/v2\/comments?post=3780"}],"wp:featuredmedia":[{"embeddable":true,"href":"http:\/\/www.marykas.lt\/girsas\/wp-json\/wp\/v2\/media\/3781"}],"wp:attachment":[{"href":"http:\/\/www.marykas.lt\/girsas\/wp-json\/wp\/v2\/media?parent=3780"}],"curies":[{"name":"wp","href":"https:\/\/api.w.org\/{rel}","templated":true}]}}