{"id":3777,"date":"2018-06-11T06:46:00","date_gmt":"2018-06-11T08:46:00","guid":{"rendered":"http:\/\/www.marykas.lt\/girsas\/?post_type=product&#038;p=3777"},"modified":"2018-11-24T18:01:04","modified_gmt":"2018-11-24T20:01:04","slug":"plautuves-kamstis-su-persipylimu-514","status":"publish","type":"product","link":"http:\/\/www.marykas.lt\/girsas\/produktas\/nicoll-buitine-santechnika\/voniu-kriaukliu-dalys\/kriaukles-plautuves\/plautuves-kamstis-su-persipylimu-514\/","title":{"rendered":"Plautuv\u0117s kam\u0161tis su persipylimu 514"},"content":{"rendered":"<p>Plautuv\u0117s kam\u0161tis diam 90 mm su persipylimu. Tinka visiems kriaukli\u0173 tipams. Plieno, akrilo, keramikos. Grotel\u0117s i\u0161 ner\u016bdijan\u010dio plieno diam 114 mm. Su krep\u0161elio formos filtru. I\u0161\u0117jimo diam 40.<\/p>\n","protected":false},"excerpt":{"rendered":"<p>Plautuv\u0117s kam\u0161tis diam 90 mm su persipylimu. Tinka visiems kriaukli\u0173 tipams. Plieno, akrilo, keramikos. Grotel\u0117s i\u0161 ner\u016bdijan\u010dio plieno diam 114 mm. Su krep\u0161elio formos filtru. I\u0161\u0117jimo diam 40.<\/p>\n","protected":false},"featured_media":3778,"comment_status":"open","ping_status":"closed","template":"","meta":[],"_links":{"self":[{"href":"http:\/\/www.marykas.lt\/girsas\/wp-json\/wp\/v2\/product\/3777"}],"collection":[{"href":"http:\/\/www.marykas.lt\/girsas\/wp-json\/wp\/v2\/product"}],"about":[{"href":"http:\/\/www.marykas.lt\/girsas\/wp-json\/wp\/v2\/types\/product"}],"replies":[{"embeddable":true,"href":"http:\/\/www.marykas.lt\/girsas\/wp-json\/wp\/v2\/comments?post=3777"}],"wp:featuredmedia":[{"embeddable":true,"href":"http:\/\/www.marykas.lt\/girsas\/wp-json\/wp\/v2\/media\/3778"}],"wp:attachment":[{"href":"http:\/\/www.marykas.lt\/girsas\/wp-json\/wp\/v2\/media?parent=3777"}],"curies":[{"name":"wp","href":"https:\/\/api.w.org\/{rel}","templated":true}]}}