{"id":3771,"date":"2018-06-11T06:43:36","date_gmt":"2018-06-11T08:43:36","guid":{"rendered":"http:\/\/www.marykas.lt\/girsas\/?post_type=product&#038;p=3771"},"modified":"2018-11-24T18:01:55","modified_gmt":"2018-11-24T20:01:55","slug":"plautuves-kamstis-558","status":"publish","type":"product","link":"http:\/\/www.marykas.lt\/girsas\/produktas\/nicoll-buitine-santechnika\/voniu-kriaukliu-dalys\/kriaukles-plautuves\/plautuves-kamstis-558\/","title":{"rendered":"Plautuv\u0117s kam\u0161tis 558"},"content":{"rendered":"<p>Sifonas kriauklei be persipylimo. Ner\u016bdijan\u010dio plieno kriaukl\u0117ms diam 50. Grotel\u0117s diam 70 mm i\u0161 auk\u0161tos kokyb\u0117s ner\u016bdijan\u010dio plieno. Var\u017etas 30 mm ilgio i\u0161 ner\u016bdijan\u010dio plieno. Su kam\u0161teliu. I\u0161\u0117jimo diam 40. U\u017esidaro pasukus krep\u0161el\u012f.<\/p>\n","protected":false},"excerpt":{"rendered":"<p>Sifonas kriauklei be persipylimo. Ner\u016bdijan\u010dio plieno kriaukl\u0117ms diam 50. Grotel\u0117s diam 70 mm i\u0161 auk\u0161tos kokyb\u0117s ner\u016bdijan\u010dio plieno. Var\u017etas 30 mm ilgio i\u0161 ner\u016bdijan\u010dio plieno. Su kam\u0161teliu. I\u0161\u0117jimo diam 40. U\u017esidaro pasukus krep\u0161el\u012f.<\/p>\n","protected":false},"featured_media":3772,"comment_status":"open","ping_status":"closed","template":"","meta":[],"_links":{"self":[{"href":"http:\/\/www.marykas.lt\/girsas\/wp-json\/wp\/v2\/product\/3771"}],"collection":[{"href":"http:\/\/www.marykas.lt\/girsas\/wp-json\/wp\/v2\/product"}],"about":[{"href":"http:\/\/www.marykas.lt\/girsas\/wp-json\/wp\/v2\/types\/product"}],"replies":[{"embeddable":true,"href":"http:\/\/www.marykas.lt\/girsas\/wp-json\/wp\/v2\/comments?post=3771"}],"wp:featuredmedia":[{"embeddable":true,"href":"http:\/\/www.marykas.lt\/girsas\/wp-json\/wp\/v2\/media\/3772"}],"wp:attachment":[{"href":"http:\/\/www.marykas.lt\/girsas\/wp-json\/wp\/v2\/media?parent=3771"}],"curies":[{"name":"wp","href":"https:\/\/api.w.org\/{rel}","templated":true}]}}