{"id":3768,"date":"2018-06-11T06:42:20","date_gmt":"2018-06-11T08:42:20","guid":{"rendered":"http:\/\/www.marykas.lt\/girsas\/?post_type=product&#038;p=3768"},"modified":"2018-11-24T18:02:11","modified_gmt":"2018-11-24T20:02:11","slug":"plautuves-kamstis-su-persipylimu-556","status":"publish","type":"product","link":"http:\/\/www.marykas.lt\/girsas\/produktas\/nicoll-buitine-santechnika\/voniu-kriaukliu-dalys\/kriaukles-plautuves\/plautuves-kamstis-su-persipylimu-556\/","title":{"rendered":"Plautuv\u0117s kam\u0161tis su persipylimu 556"},"content":{"rendered":"<p>Sifonas kriauklei su persipylimu. Ner\u016bdijan\u010dio plieno kriaukl\u0117ms diam.50. Grotel\u0117s diam.70 mm i\u0161 auk\u0161tos kokyb\u0117s ner\u016bdijan\u010dio plieno. Sriegis 30 mm ilgio i\u0161 ner\u016bdijan\u010dio plieno. Su lanks\u010diu persipylimu\u00a0 ir kam\u0161teliu.<\/p>\n","protected":false},"excerpt":{"rendered":"<p>Sifonas kriauklei su persipylimu. Ner\u016bdijan\u010dio plieno kriaukl\u0117ms diam.50. Grotel\u0117s diam.70 mm i\u0161 auk\u0161tos kokyb\u0117s ner\u016bdijan\u010dio plieno. Sriegis 30 mm ilgio i\u0161 ner\u016bdijan\u010dio plieno. Su lanks\u010diu persipylimu\u00a0 ir kam\u0161teliu.<\/p>\n","protected":false},"featured_media":3769,"comment_status":"open","ping_status":"closed","template":"","meta":[],"_links":{"self":[{"href":"http:\/\/www.marykas.lt\/girsas\/wp-json\/wp\/v2\/product\/3768"}],"collection":[{"href":"http:\/\/www.marykas.lt\/girsas\/wp-json\/wp\/v2\/product"}],"about":[{"href":"http:\/\/www.marykas.lt\/girsas\/wp-json\/wp\/v2\/types\/product"}],"replies":[{"embeddable":true,"href":"http:\/\/www.marykas.lt\/girsas\/wp-json\/wp\/v2\/comments?post=3768"}],"wp:featuredmedia":[{"embeddable":true,"href":"http:\/\/www.marykas.lt\/girsas\/wp-json\/wp\/v2\/media\/3769"}],"wp:attachment":[{"href":"http:\/\/www.marykas.lt\/girsas\/wp-json\/wp\/v2\/media?parent=3768"}],"curies":[{"name":"wp","href":"https:\/\/api.w.org\/{rel}","templated":true}]}}