{"id":3765,"date":"2018-06-11T06:41:03","date_gmt":"2018-06-11T08:41:03","guid":{"rendered":"http:\/\/www.marykas.lt\/girsas\/?post_type=product&#038;p=3765"},"modified":"2018-11-24T18:02:44","modified_gmt":"2018-11-24T20:02:44","slug":"antivakuuminis-voztuvelis-ca40","status":"publish","type":"product","link":"http:\/\/www.marykas.lt\/girsas\/produktas\/nicoll-buitine-santechnika\/voniu-kriaukliu-dalys\/kriaukles-plautuves\/antivakuuminis-voztuvelis-ca40\/","title":{"rendered":"Antivakuuminis vo\u017etuv\u0117lis CA40"},"content":{"rendered":"<p>Antivakuuminis vo\u017etuv\u0117lis diam.40 mm. Sifonas i\u0161vengia vakuumo tuo atveju, kai yra vakuumas pagrindin\u0117je nub\u0117gimo sistemoje.<span style=\"font-family: Trebuchet MS; font-size: small;\"><br \/>\n<\/span><\/p>\n","protected":false},"excerpt":{"rendered":"<p><span style=\"font-family: Trebuchet MS; font-size: small;\">\u00a0Antivakuuminis vo\u017etuv\u0117lis diam.40 mm. Sifonas i\u0161vengia vakuumo tuo atveju, kai yra vakuumas pagrindin\u0117je nub\u0117gimo sistemoje.<\/span><\/p>\n","protected":false},"featured_media":3766,"comment_status":"open","ping_status":"closed","template":"","meta":[],"_links":{"self":[{"href":"http:\/\/www.marykas.lt\/girsas\/wp-json\/wp\/v2\/product\/3765"}],"collection":[{"href":"http:\/\/www.marykas.lt\/girsas\/wp-json\/wp\/v2\/product"}],"about":[{"href":"http:\/\/www.marykas.lt\/girsas\/wp-json\/wp\/v2\/types\/product"}],"replies":[{"embeddable":true,"href":"http:\/\/www.marykas.lt\/girsas\/wp-json\/wp\/v2\/comments?post=3765"}],"wp:featuredmedia":[{"embeddable":true,"href":"http:\/\/www.marykas.lt\/girsas\/wp-json\/wp\/v2\/media\/3766"}],"wp:attachment":[{"href":"http:\/\/www.marykas.lt\/girsas\/wp-json\/wp\/v2\/media?parent=3765"}],"curies":[{"name":"wp","href":"https:\/\/api.w.org\/{rel}","templated":true}]}}