{"id":3762,"date":"2018-06-11T06:39:37","date_gmt":"2018-06-11T08:39:37","guid":{"rendered":"http:\/\/www.marykas.lt\/girsas\/?post_type=product&#038;p=3762"},"modified":"2018-11-24T18:03:04","modified_gmt":"2018-11-24T20:03:04","slug":"sifono-alkune-5258","status":"publish","type":"product","link":"http:\/\/www.marykas.lt\/girsas\/produktas\/nicoll-buitine-santechnika\/voniu-kriaukliu-dalys\/kriaukles-plautuves\/sifono-alkune-5258\/","title":{"rendered":"Sifono alk\u016bn\u0117 5258"},"content":{"rendered":"<p>Sifono alk\u016bn\u0117 diam 40 \u012f\u0117jimas ir i\u0161\u0117jimas. Alk\u016bn\u0117s vamzd\u017eio ilgis 300 mm. Yra pajungimas skalbimo ma\u0161inai. Naudojama norint sutaupyti vietos po kriaukle.<\/p>\n","protected":false},"excerpt":{"rendered":"<p>Sifono alk\u016bn\u0117 diam 40 \u012f\u0117jimas ir i\u0161\u0117jimas. Alk\u016bn\u0117s vamzd\u017eio ilgis 300 mm. Yra pajungimas skalbimo ma\u0161inai. Naudojama norint sutaupyti vietos po kriaukle.<\/p>\n","protected":false},"featured_media":3763,"comment_status":"open","ping_status":"closed","template":"","meta":[],"_links":{"self":[{"href":"http:\/\/www.marykas.lt\/girsas\/wp-json\/wp\/v2\/product\/3762"}],"collection":[{"href":"http:\/\/www.marykas.lt\/girsas\/wp-json\/wp\/v2\/product"}],"about":[{"href":"http:\/\/www.marykas.lt\/girsas\/wp-json\/wp\/v2\/types\/product"}],"replies":[{"embeddable":true,"href":"http:\/\/www.marykas.lt\/girsas\/wp-json\/wp\/v2\/comments?post=3762"}],"wp:featuredmedia":[{"embeddable":true,"href":"http:\/\/www.marykas.lt\/girsas\/wp-json\/wp\/v2\/media\/3763"}],"wp:attachment":[{"href":"http:\/\/www.marykas.lt\/girsas\/wp-json\/wp\/v2\/media?parent=3762"}],"curies":[{"name":"wp","href":"https:\/\/api.w.org\/{rel}","templated":true}]}}