{"id":3760,"date":"2018-06-11T06:38:09","date_gmt":"2018-06-11T08:38:09","guid":{"rendered":"http:\/\/www.marykas.lt\/girsas\/?post_type=product&#038;p=3760"},"modified":"2018-11-24T18:03:29","modified_gmt":"2018-11-24T20:03:29","slug":"dvigubos-kriaukles-sifonas-c5911","status":"publish","type":"product","link":"http:\/\/www.marykas.lt\/girsas\/produktas\/nicoll-buitine-santechnika\/voniu-kriaukliu-dalys\/kriaukles-plautuves\/dvigubos-kriaukles-sifonas-c5911\/","title":{"rendered":"Dvigubos kriaukl\u0117s sifonas C5911"},"content":{"rendered":"<p>Sifonas dvigubai kriauklei. Kompakti\u0161kas su persipylimu dvigubai kriauklei. Sujungimas su skalbimo ma\u0161ina diam 22 mm. Su kam\u0161\u010diais ir grandin\u0117le. Pajungimas diam.40<\/p>\n","protected":false},"excerpt":{"rendered":"<p>Sifonas dvigubai kriauklei. Kompakti\u0161kas su persipylimu dvigubai kriauklei. Sujungimas su skalbimo ma\u0161ina diam 22 mm. Su kam\u0161\u010diais ir grandin\u0117le. Pajungimas diam.40<\/p>\n","protected":false},"featured_media":3761,"comment_status":"open","ping_status":"closed","template":"","meta":[],"_links":{"self":[{"href":"http:\/\/www.marykas.lt\/girsas\/wp-json\/wp\/v2\/product\/3760"}],"collection":[{"href":"http:\/\/www.marykas.lt\/girsas\/wp-json\/wp\/v2\/product"}],"about":[{"href":"http:\/\/www.marykas.lt\/girsas\/wp-json\/wp\/v2\/types\/product"}],"replies":[{"embeddable":true,"href":"http:\/\/www.marykas.lt\/girsas\/wp-json\/wp\/v2\/comments?post=3760"}],"wp:featuredmedia":[{"embeddable":true,"href":"http:\/\/www.marykas.lt\/girsas\/wp-json\/wp\/v2\/media\/3761"}],"wp:attachment":[{"href":"http:\/\/www.marykas.lt\/girsas\/wp-json\/wp\/v2\/media?parent=3760"}],"curies":[{"name":"wp","href":"https:\/\/api.w.org\/{rel}","templated":true}]}}