{"id":3757,"date":"2018-06-11T06:37:09","date_gmt":"2018-06-11T08:37:09","guid":{"rendered":"http:\/\/www.marykas.lt\/girsas\/?post_type=product&#038;p=3757"},"modified":"2018-11-24T18:03:56","modified_gmt":"2018-11-24T20:03:56","slug":"skalbimo-masinos-jungtis-500","status":"publish","type":"product","link":"http:\/\/www.marykas.lt\/girsas\/produktas\/nicoll-buitine-santechnika\/voniu-kriaukliu-dalys\/kriaukles-plautuves\/skalbimo-masinos-jungtis-500\/","title":{"rendered":"Skalbimo ma\u0161inos jungtis 500"},"content":{"rendered":"<p>Pajungimas skalbimo ma\u0161inai. \u012e\u0117jimas ir i\u0161\u0117jimas diam.40. Sujungimas su skalbimo ma\u0161ina diam.22mm. Prisukamas ant sifono.<\/p>\n","protected":false},"excerpt":{"rendered":"<p>Pajungimas skalbimo ma\u0161inai. \u012e\u0117jimas ir i\u0161\u0117jimas diam.40. Sujungimas su skalbimo ma\u0161ina diam.22mm. Prisukamas ant sifono.<\/p>\n","protected":false},"featured_media":3758,"comment_status":"open","ping_status":"closed","template":"","meta":[],"_links":{"self":[{"href":"http:\/\/www.marykas.lt\/girsas\/wp-json\/wp\/v2\/product\/3757"}],"collection":[{"href":"http:\/\/www.marykas.lt\/girsas\/wp-json\/wp\/v2\/product"}],"about":[{"href":"http:\/\/www.marykas.lt\/girsas\/wp-json\/wp\/v2\/types\/product"}],"replies":[{"embeddable":true,"href":"http:\/\/www.marykas.lt\/girsas\/wp-json\/wp\/v2\/comments?post=3757"}],"wp:featuredmedia":[{"embeddable":true,"href":"http:\/\/www.marykas.lt\/girsas\/wp-json\/wp\/v2\/media\/3758"}],"wp:attachment":[{"href":"http:\/\/www.marykas.lt\/girsas\/wp-json\/wp\/v2\/media?parent=3757"}],"curies":[{"name":"wp","href":"https:\/\/api.w.org\/{rel}","templated":true}]}}