{"id":3754,"date":"2018-06-11T06:35:54","date_gmt":"2018-06-11T08:35:54","guid":{"rendered":"http:\/\/www.marykas.lt\/girsas\/?post_type=product&#038;p=3754"},"modified":"2018-11-24T18:04:21","modified_gmt":"2018-11-24T20:04:21","slug":"kriaukles-sifonas-s-544","status":"publish","type":"product","link":"http:\/\/www.marykas.lt\/girsas\/produktas\/nicoll-buitine-santechnika\/voniu-kriaukliu-dalys\/kriaukles-plautuves\/kriaukles-sifonas-s-544\/","title":{"rendered":"Kriaukl\u0117s sifonas \u201eS\u201c 544"},"content":{"rendered":"<p>Kriaukl\u0117s sifonas \u201eS\u201c. Kei\u010diamas auk\u0161tis. I\u0161\u0117jimas ir \u012f\u0117jimas diam.40<\/p>\n","protected":false},"excerpt":{"rendered":"<p>Kriaukl\u0117s sifonas \u201eS\u201c. Kei\u010diamas auk\u0161tis. I\u0161\u0117jimas ir \u012f\u0117jimas diam.40<\/p>\n","protected":false},"featured_media":3755,"comment_status":"open","ping_status":"closed","template":"","meta":[],"_links":{"self":[{"href":"http:\/\/www.marykas.lt\/girsas\/wp-json\/wp\/v2\/product\/3754"}],"collection":[{"href":"http:\/\/www.marykas.lt\/girsas\/wp-json\/wp\/v2\/product"}],"about":[{"href":"http:\/\/www.marykas.lt\/girsas\/wp-json\/wp\/v2\/types\/product"}],"replies":[{"embeddable":true,"href":"http:\/\/www.marykas.lt\/girsas\/wp-json\/wp\/v2\/comments?post=3754"}],"wp:featuredmedia":[{"embeddable":true,"href":"http:\/\/www.marykas.lt\/girsas\/wp-json\/wp\/v2\/media\/3755"}],"wp:attachment":[{"href":"http:\/\/www.marykas.lt\/girsas\/wp-json\/wp\/v2\/media?parent=3754"}],"curies":[{"name":"wp","href":"https:\/\/api.w.org\/{rel}","templated":true}]}}