{"id":3751,"date":"2018-06-11T06:34:37","date_gmt":"2018-06-11T08:34:37","guid":{"rendered":"http:\/\/www.marykas.lt\/girsas\/?post_type=product&#038;p=3751"},"modified":"2018-11-24T18:04:34","modified_gmt":"2018-11-24T20:04:34","slug":"kriaukles-sifonas-p-542","status":"publish","type":"product","link":"http:\/\/www.marykas.lt\/girsas\/produktas\/nicoll-buitine-santechnika\/voniu-kriaukliu-dalys\/kriaukles-plautuves\/kriaukles-sifonas-p-542\/","title":{"rendered":"Kriaukl\u0117s sifonas \u201eP\u201c 542"},"content":{"rendered":"<p>Kriaukl\u0117s sifonas\u00a0\u201eP\u201c. Auk\u0161tas pralaidumas. Kei\u010diamas auk\u0161tis. Horizontalus i\u0161\u0117jimas diam. 40mm<\/p>\n","protected":false},"excerpt":{"rendered":"<p>Kriaukl\u0117s sifonas\u00a0\u201eP\u201c. Auk\u0161tas pralaidumas. Kei\u010diamas auk\u0161tis. Horizontalus i\u0161\u0117jimas diam. 40mm<\/p>\n","protected":false},"featured_media":3752,"comment_status":"open","ping_status":"closed","template":"","meta":[],"_links":{"self":[{"href":"http:\/\/www.marykas.lt\/girsas\/wp-json\/wp\/v2\/product\/3751"}],"collection":[{"href":"http:\/\/www.marykas.lt\/girsas\/wp-json\/wp\/v2\/product"}],"about":[{"href":"http:\/\/www.marykas.lt\/girsas\/wp-json\/wp\/v2\/types\/product"}],"replies":[{"embeddable":true,"href":"http:\/\/www.marykas.lt\/girsas\/wp-json\/wp\/v2\/comments?post=3751"}],"wp:featuredmedia":[{"embeddable":true,"href":"http:\/\/www.marykas.lt\/girsas\/wp-json\/wp\/v2\/media\/3752"}],"wp:attachment":[{"href":"http:\/\/www.marykas.lt\/girsas\/wp-json\/wp\/v2\/media?parent=3751"}],"curies":[{"name":"wp","href":"https:\/\/api.w.org\/{rel}","templated":true}]}}